{"id":1960,"date":"2020-09-26T12:07:05","date_gmt":"2020-09-26T16:07:05","guid":{"rendered":"https:\/\/viahr.org\/staging\/8024\/newsletter\/"},"modified":"2026-03-21T02:37:43","modified_gmt":"2026-03-21T06:37:43","slug":"suscribirse-al-blog","status":"publish","type":"page","link":"https:\/\/viahr.org\/staging\/8024\/suscribirse-al-blog\/","title":{"rendered":"Suscribirse"},"content":{"rendered":"\t\t<div data-elementor-type=\"wp-page\" data-elementor-id=\"1960\" class=\"elementor elementor-1960\" data-elementor-post-type=\"page\">\n\t\t\t\t<div class=\"elementor-element elementor-element-eb1ff59 e-con-full e-flex e-con e-parent\" data-id=\"eb1ff59\" data-element_type=\"container\" data-e-type=\"container\" data-settings=\"{&quot;background_background&quot;:&quot;classic&quot;}\">\n\t\t<div class=\"elementor-element elementor-element-4931370 e-con-full e-flex e-con e-child\" data-id=\"4931370\" data-element_type=\"container\" data-e-type=\"container\">\n\t\t\t\t<div class=\"elementor-element elementor-element-dfae30f elementor-widget elementor-widget-heading\" data-id=\"dfae30f\" data-element_type=\"widget\" data-e-type=\"widget\" data-widget_type=\"heading.default\">\n\t\t\t\t<div class=\"elementor-widget-container\">\n\t\t\t\t\t<h1 class=\"elementor-heading-title elementor-size-default\">Reg\u00e1late una pausa<\/h1>\t\t\t\t<\/div>\n\t\t\t\t<\/div>\n\t\t\t\t<div class=\"elementor-element elementor-element-89489a3 elementor-widget elementor-widget-heading\" data-id=\"89489a3\" data-element_type=\"widget\" data-e-type=\"widget\" data-widget_type=\"heading.default\">\n\t\t\t\t<div class=\"elementor-widget-container\">\n\t\t\t\t\t<h2 class=\"elementor-heading-title elementor-size-default\">Recibe c\u00e1psulas de bienestar cada semana<\/h2>\t\t\t\t<\/div>\n\t\t\t\t<\/div>\n\t\t\t\t<div class=\"elementor-element elementor-element-6748c26 elementor-widget elementor-widget-text-editor\" data-id=\"6748c26\" data-element_type=\"widget\" data-e-type=\"widget\" data-widget_type=\"text-editor.default\">\n\t\t\t\t<div class=\"elementor-widget-container\">\n\t\t\t\t\t\t\t\t\t<p><span style=\"font-weight: 400;\">\u00danete a nuestra comunidad privada para recibir un <\/span><i><span style=\"font-weight: 400;\">newsletter <\/span><\/i><span style=\"font-weight: 400;\">semanal con contenido actual relacionado con el <\/span><i><span style=\"font-weight: 400;\">burnout<\/span><\/i><span style=\"font-weight: 400;\"> as\u00ed como eventos online y mucho m\u00e1s. <\/span><b>Completa el siguiente formulario para suscribirte\u2026<\/b><\/p>\t\t\t\t\t\t\t\t<\/div>\n\t\t\t\t<\/div>\n\t\t\t\t<\/div>\n\t\t<div class=\"elementor-element elementor-element-6ad4330 e-con-full e-flex e-con e-child\" data-id=\"6ad4330\" data-element_type=\"container\" data-e-type=\"container\">\n\t\t\t\t<div class=\"elementor-element elementor-element-f869c1e elementor-widget elementor-widget-image\" data-id=\"f869c1e\" data-element_type=\"widget\" data-e-type=\"widget\" data-widget_type=\"image.default\">\n\t\t\t\t<div class=\"elementor-widget-container\">\n\t\t\t\t\t\t\t\t\t\t\t\t\t\t\t<img loading=\"lazy\" decoding=\"async\" loading=\"lazy\" width=\"149\" height=\"300\" src=\"https:\/\/viahr.org\/staging\/8024\/wp-content\/uploads\/2020\/09\/isotipo-viahr-149x300.png\" class=\"attachment-medium size-medium wp-image-1948\" alt=\"\" srcset=\"https:\/\/viahr.org\/staging\/8024\/wp-content\/uploads\/2020\/09\/isotipo-viahr-149x300.png 149w, https:\/\/viahr.org\/staging\/8024\/wp-content\/uploads\/2020\/09\/isotipo-viahr.png 255w\" sizes=\"auto, (max-width: 149px) 100vw, 149px\" \/>\t\t\t\t\t\t\t\t\t\t\t\t\t\t\t<\/div>\n\t\t\t\t<\/div>\n\t\t\t\t<\/div>\n\t\t\t\t<\/div>\n\t\t<div class=\"elementor-element elementor-element-a9a19ab e-flex e-con-boxed e-con e-parent\" data-id=\"a9a19ab\" data-element_type=\"container\" data-e-type=\"container\" data-settings=\"{&quot;background_background&quot;:&quot;classic&quot;}\">\n\t\t\t\t\t<div class=\"e-con-inner\">\n\t\t<div class=\"elementor-element elementor-element-9390aef e-con-full e-flex e-con e-child\" data-id=\"9390aef\" data-element_type=\"container\" data-e-type=\"container\">\n\t\t\t\t<div class=\"elementor-element elementor-element-5bbe54d elementor-widget elementor-widget-heading\" data-id=\"5bbe54d\" data-element_type=\"widget\" data-e-type=\"widget\" data-widget_type=\"heading.default\">\n\t\t\t\t<div class=\"elementor-widget-container\">\n\t\t\t\t\t<h2 class=\"elementor-heading-title elementor-size-default\">Suscribirse<\/h2>\t\t\t\t<\/div>\n\t\t\t\t<\/div>\n\t\t\t\t<div class=\"elementor-element elementor-element-ac00977 elementor-button-align-stretch elementor-widget elementor-widget-form\" data-id=\"ac00977\" data-element_type=\"widget\" data-e-type=\"widget\" data-settings=\"{&quot;step_next_label&quot;:&quot;Next&quot;,&quot;step_previous_label&quot;:&quot;Previous&quot;,&quot;button_width&quot;:&quot;100&quot;,&quot;step_type&quot;:&quot;number_text&quot;,&quot;step_icon_shape&quot;:&quot;circle&quot;}\" data-widget_type=\"form.default\">\n\t\t\t\t<div class=\"elementor-widget-container\">\n\t\t\t\t\t\t\t<form class=\"elementor-form\" method=\"post\" name=\"suscribirse\" aria-label=\"suscribirse\">\n\t\t\t<input type=\"hidden\" name=\"post_id\" value=\"1960\"\/>\n\t\t\t<input type=\"hidden\" name=\"form_id\" value=\"ac00977\"\/>\n\t\t\t<input type=\"hidden\" name=\"referer_title\" value=\"Suscribirse - VIAHR\" \/>\n\n\t\t\t\t\t\t\t<input type=\"hidden\" name=\"queried_id\" value=\"1960\"\/>\n\t\t\t\n\t\t\t<div class=\"elementor-form-fields-wrapper elementor-labels-above\">\n\t\t\t\t\t\t\t\t<div class=\"elementor-field-type-text elementor-field-group elementor-column elementor-field-group-nombre elementor-col-50 elementor-field-required\">\n\t\t\t\t\t\t\t\t\t\t\t\t<label for=\"form-field-nombre\" class=\"elementor-field-label\">\n\t\t\t\t\t\t\t\tNombre\t\t\t\t\t\t\t<\/label>\n\t\t\t\t\t\t\t\t\t\t\t\t\t\t<input size=\"1\" type=\"text\" name=\"form_fields[nombre]\" id=\"form-field-nombre\" class=\"elementor-field elementor-size-sm  elementor-field-textual\" placeholder=\"Nombre\" required=\"required\">\n\t\t\t\t\t\t\t\t\t\t\t<\/div>\n\t\t\t\t\t\t\t\t<div class=\"elementor-field-type-text elementor-field-group elementor-column elementor-field-group-apellidos elementor-col-50\">\n\t\t\t\t\t\t\t\t\t\t\t\t<label for=\"form-field-apellidos\" class=\"elementor-field-label\">\n\t\t\t\t\t\t\t\tApellidos\t\t\t\t\t\t\t<\/label>\n\t\t\t\t\t\t\t\t\t\t\t\t\t\t<input size=\"1\" type=\"text\" name=\"form_fields[apellidos]\" id=\"form-field-apellidos\" class=\"elementor-field elementor-size-sm  elementor-field-textual\" placeholder=\"Apellidos\">\n\t\t\t\t\t\t\t\t\t\t\t<\/div>\n\t\t\t\t\t\t\t\t<div class=\"elementor-field-type-email elementor-field-group elementor-column elementor-field-group-email elementor-col-100 elementor-field-required\">\n\t\t\t\t\t\t\t\t\t\t\t\t<label for=\"form-field-email\" class=\"elementor-field-label\">\n\t\t\t\t\t\t\t\tEmail\t\t\t\t\t\t\t<\/label>\n\t\t\t\t\t\t\t\t\t\t\t\t\t\t<input size=\"1\" type=\"email\" name=\"form_fields[email]\" id=\"form-field-email\" class=\"elementor-field elementor-size-sm  elementor-field-textual\" placeholder=\"Email\" required=\"required\">\n\t\t\t\t\t\t\t\t\t\t\t<\/div>\n\t\t\t\t\t\t\t\t<div class=\"elementor-field-type-recaptcha_v3 elementor-field-group elementor-column elementor-field-group-field_93bf4c6 elementor-col-100 recaptcha_v3-bottomleft\">\n\t\t\t\t\t<div class=\"elementor-field\" id=\"form-field-field_93bf4c6\"><div class=\"elementor-g-recaptcha\" data-sitekey=\"6LfMi5whAAAAABEGrfGXHkg5PZrg-VB8xbYy5C1O\" data-type=\"v3\" data-action=\"Form\" data-badge=\"bottomleft\" data-size=\"invisible\"><\/div><\/div>\t\t\t\t<\/div>\n\t\t\t\t\t\t\t\t<div class=\"elementor-field-group elementor-column elementor-field-type-submit elementor-col-100 e-form__buttons\">\n\t\t\t\t\t<button class=\"elementor-button elementor-size-sm\" type=\"submit\">\n\t\t\t\t\t\t<span class=\"elementor-button-content-wrapper\">\n\t\t\t\t\t\t\t\t\t\t\t\t\t\t\t\t\t\t\t\t\t\t<span class=\"elementor-button-text\">Suscribirse<\/span>\n\t\t\t\t\t\t\t\t\t\t\t\t\t<\/span>\n\t\t\t\t\t<\/button>\n\t\t\t\t<\/div>\n\t\t\t<\/div>\n\t\t<\/form>\n\t\t\t\t\t\t<\/div>\n\t\t\t\t<\/div>\n\t\t\t\t<div class=\"elementor-element elementor-element-f7d64c4 elementor-widget elementor-widget-accordion\" data-id=\"f7d64c4\" data-element_type=\"widget\" data-e-type=\"widget\" data-widget_type=\"accordion.default\">\n\t\t\t\t<div class=\"elementor-widget-container\">\n\t\t\t\t\t\t\t<div class=\"elementor-accordion\">\n\t\t\t\t\t\t\t<div class=\"elementor-accordion-item\">\n\t\t\t\t\t<div id=\"elementor-tab-title-2591\" class=\"elementor-tab-title\" data-tab=\"1\" role=\"button\" aria-controls=\"elementor-tab-content-2591\" aria-expanded=\"false\">\n\t\t\t\t\t\t\t\t\t\t\t\t\t<span class=\"elementor-accordion-icon elementor-accordion-icon-left\" aria-hidden=\"true\">\n\t\t\t\t\t\t\t\t\t\t\t\t\t\t\t<span class=\"elementor-accordion-icon-closed\"><svg class=\"e-font-icon-svg e-fas-plus\" viewBox=\"0 0 448 512\" xmlns=\"http:\/\/www.w3.org\/2000\/svg\"><path d=\"M416 208H272V64c0-17.67-14.33-32-32-32h-32c-17.67 0-32 14.33-32 32v144H32c-17.67 0-32 14.33-32 32v32c0 17.67 14.33 32 32 32h144v144c0 17.67 14.33 32 32 32h32c17.67 0 32-14.33 32-32V304h144c17.67 0 32-14.33 32-32v-32c0-17.67-14.33-32-32-32z\"><\/path><\/svg><\/span>\n\t\t\t\t\t\t\t\t<span class=\"elementor-accordion-icon-opened\"><svg class=\"e-font-icon-svg e-fas-minus\" viewBox=\"0 0 448 512\" xmlns=\"http:\/\/www.w3.org\/2000\/svg\"><path d=\"M416 208H32c-17.67 0-32 14.33-32 32v32c0 17.67 14.33 32 32 32h384c17.67 0 32-14.33 32-32v-32c0-17.67-14.33-32-32-32z\"><\/path><\/svg><\/span>\n\t\t\t\t\t\t\t\t\t\t\t\t\t\t<\/span>\n\t\t\t\t\t\t\t\t\t\t\t\t<a class=\"elementor-accordion-title\" tabindex=\"0\">Informaci\u00f3n sobre el tratamiento de datos personales:<\/a>\n\t\t\t\t\t<\/div>\n\t\t\t\t\t<div id=\"elementor-tab-content-2591\" class=\"elementor-tab-content elementor-clearfix\" data-tab=\"1\" role=\"region\" aria-labelledby=\"elementor-tab-title-2591\"><p><strong>Responsable:<\/strong> VIAHR Foundation<strong><br \/>Finalidad:<\/strong> Responder dudas o diligencias precontractuales <strong><br \/>Legitimaci\u00f3n:<\/strong> Diligencias precontractuales<strong><br \/>Destinatarios:<\/strong> Mailjet.com<strong><br \/>Duraci\u00f3n:<\/strong> Tus datos ser\u00e1n guardados solamente por 6 meses, o mientras nuestra relaci\u00f3n contractual permanezca activa.<br \/><strong>Derechos e informaci\u00f3n adicional:<\/strong> Puedes leer todos los detalles en la <a href=\"https:\/\/viahr.org\/politica-privacidad-viahr\/\" target=\"_blank\" rel=\"noopener\">pol\u00edtica de privacidad<\/a>.<\/p><p class=\"p1\">VACATION IS A RIGHT FOUNDATION INC, usar\u00e1 la informaci\u00f3n que usted proporcione en este formulario para enviar contenido de valor\u00a0cada semana, notificaciones de eventos online y concursos de viajes de descanso, dando su consentimiento para que nos pongamos en contacto con usted mediante correo electr\u00f3nico.<\/p><\/div>\n\t\t\t\t<\/div>\n\t\t\t\t\t\t\t\t<\/div>\n\t\t\t\t\t\t<\/div>\n\t\t\t\t<\/div>\n\t\t\t\t<\/div>\n\t\t\t\t\t<\/div>\n\t\t\t\t<\/div>\n\t\t\t\t<\/div>\n\t\t","protected":false},"excerpt":{"rendered":"<p>Reg\u00e1late una pausa Recibe c\u00e1psulas de bienestar cada semana \u00danete a nuestra comunidad privada para recibir un newsletter semanal con contenido actual relacionado con el burnout as\u00ed como eventos online y mucho m\u00e1s. Completa el siguiente formulario para suscribirte\u2026 Suscribirse Informaci\u00f3n sobre el tratamiento de datos personales: Responsable: VIAHR FoundationFinalidad: Responder dudas o diligencias precontractuales [&hellip;]<\/p>\n","protected":false},"author":5,"featured_media":9725,"parent":0,"menu_order":0,"comment_status":"closed","ping_status":"closed","template":"elementor_canvas","meta":{"_acf_changed":false,"nf_dc_page":"","om_disable_all_campaigns":false,"_monsterinsights_skip_tracking":false,"_monsterinsights_sitenote_active":false,"_monsterinsights_sitenote_note":"","_monsterinsights_sitenote_category":0,"site-sidebar-layout":"default","site-content-layout":"default","ast-site-content-layout":"default","site-content-style":"default","site-sidebar-style":"default","ast-global-header-display":"","ast-banner-title-visibility":"","ast-main-header-display":"","ast-hfb-above-header-display":"","ast-hfb-below-header-display":"","ast-hfb-mobile-header-display":"","site-post-title":"","ast-breadcrumbs-content":"","ast-featured-img":"","footer-sml-layout":"","ast-disable-related-posts":"","theme-transparent-header-meta":"default","adv-header-id-meta":"","stick-header-meta":"","header-above-stick-meta":"","header-main-stick-meta":"","header-below-stick-meta":"","astra-migrate-meta-layouts":"set","ast-page-background-enabled":"default","ast-page-background-meta":{"desktop":{"background-color":"","background-image":"","background-repeat":"repeat","background-position":"center center","background-size":"auto","background-attachment":"scroll","background-type":"","background-media":"","overlay-type":"","overlay-color":"","overlay-opacity":"","overlay-gradient":""},"tablet":{"background-color":"","background-image":"","background-repeat":"repeat","background-position":"center center","background-size":"auto","background-attachment":"scroll","background-type":"","background-media":"","overlay-type":"","overlay-color":"","overlay-opacity":"","overlay-gradient":""},"mobile":{"background-color":"","background-image":"","background-repeat":"repeat","background-position":"center center","background-size":"auto","background-attachment":"scroll","background-type":"","background-media":"","overlay-type":"","overlay-color":"","overlay-opacity":"","overlay-gradient":""}},"ast-content-background-meta":{"desktop":{"background-color":"var(--ast-global-color-5)","background-image":"","background-repeat":"repeat","background-position":"center center","background-size":"auto","background-attachment":"scroll","background-type":"","background-media":"","overlay-type":"","overlay-color":"","overlay-opacity":"","overlay-gradient":""},"tablet":{"background-color":"var(--ast-global-color-5)","background-image":"","background-repeat":"repeat","background-position":"center center","background-size":"auto","background-attachment":"scroll","background-type":"","background-media":"","overlay-type":"","overlay-color":"","overlay-opacity":"","overlay-gradient":""},"mobile":{"background-color":"var(--ast-global-color-5)","background-image":"","background-repeat":"repeat","background-position":"center center","background-size":"auto","background-attachment":"scroll","background-type":"","background-media":"","overlay-type":"","overlay-color":"","overlay-opacity":"","overlay-gradient":""}},"footnotes":""},"class_list":["post-1960","page","type-page","status-publish","has-post-thumbnail","hentry"],"acf":[],"yoast_head":"<!-- This site is optimized with the Yoast SEO plugin v27.4 - https:\/\/yoast.com\/product\/yoast-seo-wordpress\/ -->\n<title>Suscribirse - VIAHR<\/title>\n<meta name=\"description\" content=\"\u00danete a nuestra comunidad privada para recibir un newsletter semanal con contenido actual relacionado con el burnout\" \/>\n<meta name=\"robots\" content=\"noindex, follow, max-snippet:-1, max-image-preview:large, max-video-preview:-1\" \/>\n<meta property=\"og:locale\" content=\"en_US\" \/>\n<meta property=\"og:type\" content=\"article\" \/>\n<meta property=\"og:title\" content=\"Suscribirse - VIAHR\" \/>\n<meta property=\"og:description\" content=\"\u00danete a nuestra comunidad privada para recibir un newsletter semanal con contenido actual relacionado con el burnout\" \/>\n<meta property=\"og:url\" content=\"https:\/\/viahr.org\/suscribirse-al-blog\/\" \/>\n<meta property=\"og:site_name\" content=\"VIAHR\" \/>\n<meta property=\"article:publisher\" content=\"https:\/\/www.facebook.com\/viahr.org\" \/>\n<meta property=\"article:modified_time\" content=\"2026-03-21T06:37:43+00:00\" \/>\n<meta property=\"og:image\" content=\"https:\/\/viahr.org\/wp-content\/uploads\/2022\/06\/worklife.png\" \/>\n\t<meta property=\"og:image:width\" content=\"1080\" \/>\n\t<meta property=\"og:image:height\" content=\"1080\" \/>\n\t<meta property=\"og:image:type\" content=\"image\/png\" \/>\n<meta name=\"twitter:card\" content=\"summary_large_image\" \/>\n<script type=\"application\/ld+json\" class=\"yoast-schema-graph\">{\"@context\":\"https:\\\/\\\/schema.org\",\"@graph\":[{\"@type\":\"WebPage\",\"@id\":\"https:\\\/\\\/viahr.org\\\/suscribirse-al-blog\\\/\",\"url\":\"https:\\\/\\\/viahr.org\\\/suscribirse-al-blog\\\/\",\"name\":\"Suscribirse - VIAHR\",\"isPartOf\":{\"@id\":\"https:\\\/\\\/viahr.org\\\/staging\\\/8024\\\/#website\"},\"primaryImageOfPage\":{\"@id\":\"https:\\\/\\\/viahr.org\\\/suscribirse-al-blog\\\/#primaryimage\"},\"image\":{\"@id\":\"https:\\\/\\\/viahr.org\\\/suscribirse-al-blog\\\/#primaryimage\"},\"thumbnailUrl\":\"https:\\\/\\\/viahr.org\\\/staging\\\/8024\\\/wp-content\\\/uploads\\\/2022\\\/06\\\/worklife.png\",\"datePublished\":\"2020-09-26T16:07:05+00:00\",\"dateModified\":\"2026-03-21T06:37:43+00:00\",\"description\":\"\u00danete a nuestra comunidad privada para recibir un newsletter semanal con contenido actual relacionado con el burnout\",\"breadcrumb\":{\"@id\":\"https:\\\/\\\/viahr.org\\\/suscribirse-al-blog\\\/#breadcrumb\"},\"inLanguage\":\"en-US\",\"potentialAction\":[{\"@type\":\"ReadAction\",\"target\":[\"https:\\\/\\\/viahr.org\\\/suscribirse-al-blog\\\/\"]}]},{\"@type\":\"ImageObject\",\"inLanguage\":\"en-US\",\"@id\":\"https:\\\/\\\/viahr.org\\\/suscribirse-al-blog\\\/#primaryimage\",\"url\":\"https:\\\/\\\/viahr.org\\\/staging\\\/8024\\\/wp-content\\\/uploads\\\/2022\\\/06\\\/worklife.png\",\"contentUrl\":\"https:\\\/\\\/viahr.org\\\/staging\\\/8024\\\/wp-content\\\/uploads\\\/2022\\\/06\\\/worklife.png\",\"width\":1080,\"height\":1080,\"caption\":\"work+life\"},{\"@type\":\"BreadcrumbList\",\"@id\":\"https:\\\/\\\/viahr.org\\\/suscribirse-al-blog\\\/#breadcrumb\",\"itemListElement\":[{\"@type\":\"ListItem\",\"position\":1,\"name\":\"Portada\",\"item\":\"https:\\\/\\\/viahr.org\\\/\"},{\"@type\":\"ListItem\",\"position\":2,\"name\":\"Suscribirse\"}]},{\"@type\":\"WebSite\",\"@id\":\"https:\\\/\\\/viahr.org\\\/staging\\\/8024\\\/#website\",\"url\":\"https:\\\/\\\/viahr.org\\\/staging\\\/8024\\\/\",\"name\":\"VIAHR\",\"description\":\"Vacation is a human right\",\"publisher\":{\"@id\":\"https:\\\/\\\/viahr.org\\\/staging\\\/8024\\\/#organization\"},\"potentialAction\":[{\"@type\":\"SearchAction\",\"target\":{\"@type\":\"EntryPoint\",\"urlTemplate\":\"https:\\\/\\\/viahr.org\\\/staging\\\/8024\\\/?s={search_term_string}\"},\"query-input\":{\"@type\":\"PropertyValueSpecification\",\"valueRequired\":true,\"valueName\":\"search_term_string\"}}],\"inLanguage\":\"en-US\"},{\"@type\":\"Organization\",\"@id\":\"https:\\\/\\\/viahr.org\\\/staging\\\/8024\\\/#organization\",\"name\":\"VIAHR\",\"alternateName\":\"VIAHR FOUNDATION\",\"url\":\"https:\\\/\\\/viahr.org\\\/staging\\\/8024\\\/\",\"logo\":{\"@type\":\"ImageObject\",\"inLanguage\":\"en-US\",\"@id\":\"https:\\\/\\\/viahr.org\\\/staging\\\/8024\\\/#\\\/schema\\\/logo\\\/image\\\/\",\"url\":\"https:\\\/\\\/viahr.org\\\/staging\\\/8024\\\/wp-content\\\/uploads\\\/2022\\\/06\\\/logotipo-Viahr-Foundation.png\",\"contentUrl\":\"https:\\\/\\\/viahr.org\\\/staging\\\/8024\\\/wp-content\\\/uploads\\\/2022\\\/06\\\/logotipo-Viahr-Foundation.png\",\"width\":320,\"height\":320,\"caption\":\"VIAHR\"},\"image\":{\"@id\":\"https:\\\/\\\/viahr.org\\\/staging\\\/8024\\\/#\\\/schema\\\/logo\\\/image\\\/\"},\"sameAs\":[\"https:\\\/\\\/www.facebook.com\\\/viahr.org\"]}]}<\/script>\n<!-- \/ Yoast SEO plugin. -->","yoast_head_json":{"title":"Suscribirse - VIAHR","description":"\u00danete a nuestra comunidad privada para recibir un newsletter semanal con contenido actual relacionado con el burnout","robots":{"index":"noindex","follow":"follow","max-snippet":"max-snippet:-1","max-image-preview":"max-image-preview:large","max-video-preview":"max-video-preview:-1"},"og_locale":"en_US","og_type":"article","og_title":"Suscribirse - VIAHR","og_description":"\u00danete a nuestra comunidad privada para recibir un newsletter semanal con contenido actual relacionado con el burnout","og_url":"https:\/\/viahr.org\/suscribirse-al-blog\/","og_site_name":"VIAHR","article_publisher":"https:\/\/www.facebook.com\/viahr.org","article_modified_time":"2026-03-21T06:37:43+00:00","og_image":[{"width":1080,"height":1080,"url":"https:\/\/viahr.org\/wp-content\/uploads\/2022\/06\/worklife.png","type":"image\/png"}],"twitter_card":"summary_large_image","schema":{"@context":"https:\/\/schema.org","@graph":[{"@type":"WebPage","@id":"https:\/\/viahr.org\/suscribirse-al-blog\/","url":"https:\/\/viahr.org\/suscribirse-al-blog\/","name":"Suscribirse - VIAHR","isPartOf":{"@id":"https:\/\/viahr.org\/staging\/8024\/#website"},"primaryImageOfPage":{"@id":"https:\/\/viahr.org\/suscribirse-al-blog\/#primaryimage"},"image":{"@id":"https:\/\/viahr.org\/suscribirse-al-blog\/#primaryimage"},"thumbnailUrl":"https:\/\/viahr.org\/staging\/8024\/wp-content\/uploads\/2022\/06\/worklife.png","datePublished":"2020-09-26T16:07:05+00:00","dateModified":"2026-03-21T06:37:43+00:00","description":"\u00danete a nuestra comunidad privada para recibir un newsletter semanal con contenido actual relacionado con el burnout","breadcrumb":{"@id":"https:\/\/viahr.org\/suscribirse-al-blog\/#breadcrumb"},"inLanguage":"en-US","potentialAction":[{"@type":"ReadAction","target":["https:\/\/viahr.org\/suscribirse-al-blog\/"]}]},{"@type":"ImageObject","inLanguage":"en-US","@id":"https:\/\/viahr.org\/suscribirse-al-blog\/#primaryimage","url":"https:\/\/viahr.org\/staging\/8024\/wp-content\/uploads\/2022\/06\/worklife.png","contentUrl":"https:\/\/viahr.org\/staging\/8024\/wp-content\/uploads\/2022\/06\/worklife.png","width":1080,"height":1080,"caption":"work+life"},{"@type":"BreadcrumbList","@id":"https:\/\/viahr.org\/suscribirse-al-blog\/#breadcrumb","itemListElement":[{"@type":"ListItem","position":1,"name":"Portada","item":"https:\/\/viahr.org\/"},{"@type":"ListItem","position":2,"name":"Suscribirse"}]},{"@type":"WebSite","@id":"https:\/\/viahr.org\/staging\/8024\/#website","url":"https:\/\/viahr.org\/staging\/8024\/","name":"VIAHR","description":"Vacation is a human right","publisher":{"@id":"https:\/\/viahr.org\/staging\/8024\/#organization"},"potentialAction":[{"@type":"SearchAction","target":{"@type":"EntryPoint","urlTemplate":"https:\/\/viahr.org\/staging\/8024\/?s={search_term_string}"},"query-input":{"@type":"PropertyValueSpecification","valueRequired":true,"valueName":"search_term_string"}}],"inLanguage":"en-US"},{"@type":"Organization","@id":"https:\/\/viahr.org\/staging\/8024\/#organization","name":"VIAHR","alternateName":"VIAHR FOUNDATION","url":"https:\/\/viahr.org\/staging\/8024\/","logo":{"@type":"ImageObject","inLanguage":"en-US","@id":"https:\/\/viahr.org\/staging\/8024\/#\/schema\/logo\/image\/","url":"https:\/\/viahr.org\/staging\/8024\/wp-content\/uploads\/2022\/06\/logotipo-Viahr-Foundation.png","contentUrl":"https:\/\/viahr.org\/staging\/8024\/wp-content\/uploads\/2022\/06\/logotipo-Viahr-Foundation.png","width":320,"height":320,"caption":"VIAHR"},"image":{"@id":"https:\/\/viahr.org\/staging\/8024\/#\/schema\/logo\/image\/"},"sameAs":["https:\/\/www.facebook.com\/viahr.org"]}]}},"_links":{"self":[{"href":"https:\/\/viahr.org\/staging\/8024\/wp-json\/wp\/v2\/pages\/1960","targetHints":{"allow":["GET"]}}],"collection":[{"href":"https:\/\/viahr.org\/staging\/8024\/wp-json\/wp\/v2\/pages"}],"about":[{"href":"https:\/\/viahr.org\/staging\/8024\/wp-json\/wp\/v2\/types\/page"}],"author":[{"embeddable":true,"href":"https:\/\/viahr.org\/staging\/8024\/wp-json\/wp\/v2\/users\/5"}],"replies":[{"embeddable":true,"href":"https:\/\/viahr.org\/staging\/8024\/wp-json\/wp\/v2\/comments?post=1960"}],"version-history":[{"count":11,"href":"https:\/\/viahr.org\/staging\/8024\/wp-json\/wp\/v2\/pages\/1960\/revisions"}],"predecessor-version":[{"id":24203,"href":"https:\/\/viahr.org\/staging\/8024\/wp-json\/wp\/v2\/pages\/1960\/revisions\/24203"}],"wp:featuredmedia":[{"embeddable":true,"href":"https:\/\/viahr.org\/staging\/8024\/wp-json\/wp\/v2\/media\/9725"}],"wp:attachment":[{"href":"https:\/\/viahr.org\/staging\/8024\/wp-json\/wp\/v2\/media?parent=1960"}],"curies":[{"name":"wp","href":"https:\/\/api.w.org\/{rel}","templated":true}]}}