{"id":24027,"date":"2026-03-12T13:43:26","date_gmt":"2026-03-12T17:43:26","guid":{"rendered":"https:\/\/viahr.org\/staging\/8024\/?page_id=24027"},"modified":"2026-03-12T13:45:39","modified_gmt":"2026-03-12T17:45:39","slug":"programa-toma-una-pausa","status":"publish","type":"page","link":"https:\/\/viahr.org\/staging\/8024\/programa-toma-una-pausa\/","title":{"rendered":"PROGRAMA TOMA UNA PAUSA"},"content":{"rendered":"\t\t<div data-elementor-type=\"wp-post\" data-elementor-id=\"24027\" class=\"elementor elementor-24027\" data-elementor-post-type=\"page\">\n\t\t\t\t<div class=\"elementor-element elementor-element-d4c8906 e-flex e-con-boxed e-con e-parent\" data-id=\"d4c8906\" data-element_type=\"container\" data-e-type=\"container\" data-settings=\"{&quot;background_background&quot;:&quot;classic&quot;}\">\n\t\t\t\t\t<div class=\"e-con-inner\">\n\t\t<div class=\"elementor-element elementor-element-94edfc3 e-flex e-con-boxed e-con e-child\" data-id=\"94edfc3\" data-element_type=\"container\" data-e-type=\"container\">\n\t\t\t\t\t<div class=\"e-con-inner\">\n\t\t\t\t<div class=\"elementor-element elementor-element-e2fcb65 elementor-widget elementor-widget-heading\" data-id=\"e2fcb65\" data-element_type=\"widget\" data-e-type=\"widget\" data-widget_type=\"heading.default\">\n\t\t\t\t<div class=\"elementor-widget-container\">\n\t\t\t\t\t<h1 class=\"elementor-heading-title elementor-size-default\">Programa<\/h1>\t\t\t\t<\/div>\n\t\t\t\t<\/div>\n\t\t\t\t\t<\/div>\n\t\t\t\t<\/div>\n\t\t<div class=\"elementor-element elementor-element-ede626b e-con-full e-flex e-con e-child\" data-id=\"ede626b\" data-element_type=\"container\" data-e-type=\"container\">\n\t\t\t\t<div class=\"elementor-element elementor-element-c88bf01 elementor-position-left elementor-vertical-align-middle elementor-widget elementor-widget-image-box\" data-id=\"c88bf01\" data-element_type=\"widget\" data-e-type=\"widget\" data-widget_type=\"image-box.default\">\n\t\t\t\t<div class=\"elementor-widget-container\">\n\t\t\t\t\t<div class=\"elementor-image-box-wrapper\"><figure class=\"elementor-image-box-img\"><img loading=\"lazy\" decoding=\"async\" loading=\"lazy\" width=\"512\" height=\"512\" src=\"https:\/\/viahr.org\/staging\/8024\/wp-content\/uploads\/2020\/07\/iconos-pausa-viahr-1.png\" class=\"attachment-full size-full wp-image-1092\" alt=\"\" srcset=\"https:\/\/viahr.org\/staging\/8024\/wp-content\/uploads\/2020\/07\/iconos-pausa-viahr-1.png 512w, https:\/\/viahr.org\/staging\/8024\/wp-content\/uploads\/2020\/07\/iconos-pausa-viahr-1-300x300.png 300w, https:\/\/viahr.org\/staging\/8024\/wp-content\/uploads\/2020\/07\/iconos-pausa-viahr-1-150x150.png 150w\" sizes=\"auto, (max-width: 512px) 100vw, 512px\" \/><\/figure><div class=\"elementor-image-box-content\"><h3 class=\"elementor-image-box-title\">Toma una pausa<\/h3><\/div><\/div>\t\t\t\t<\/div>\n\t\t\t\t<\/div>\n\t\t\t\t<\/div>\n\t\t\t\t\t<\/div>\n\t\t\t\t<\/div>\n\t\t<div class=\"elementor-element elementor-element-9861aa1 e-flex e-con-boxed e-con e-parent\" data-id=\"9861aa1\" data-element_type=\"container\" data-e-type=\"container\">\n\t\t\t\t\t<div class=\"e-con-inner\">\n\t\t<div class=\"elementor-element elementor-element-3fd9348 e-con-full e-flex e-con e-child\" data-id=\"3fd9348\" data-element_type=\"container\" data-e-type=\"container\">\n\t\t\t\t<div class=\"elementor-element elementor-element-da2188e elementor-position-left elementor-vertical-align-middle elementor-widget elementor-widget-image-box\" data-id=\"da2188e\" data-element_type=\"widget\" data-e-type=\"widget\" data-widget_type=\"image-box.default\">\n\t\t\t\t<div class=\"elementor-widget-container\">\n\t\t\t\t\t<div class=\"elementor-image-box-wrapper\"><figure class=\"elementor-image-box-img\"><img loading=\"lazy\" decoding=\"async\" loading=\"lazy\" width=\"512\" height=\"512\" src=\"https:\/\/viahr.org\/staging\/8024\/wp-content\/uploads\/2020\/07\/iconos-pausa-viahr-1.png\" class=\"attachment-full size-full wp-image-1092\" alt=\"\" srcset=\"https:\/\/viahr.org\/staging\/8024\/wp-content\/uploads\/2020\/07\/iconos-pausa-viahr-1.png 512w, https:\/\/viahr.org\/staging\/8024\/wp-content\/uploads\/2020\/07\/iconos-pausa-viahr-1-300x300.png 300w, https:\/\/viahr.org\/staging\/8024\/wp-content\/uploads\/2020\/07\/iconos-pausa-viahr-1-150x150.png 150w\" sizes=\"auto, (max-width: 512px) 100vw, 512px\" \/><\/figure><div class=\"elementor-image-box-content\"><h3 class=\"elementor-image-box-title\">Programa<\/h3><p class=\"elementor-image-box-description\">Toma una pausa<\/p><\/div><\/div>\t\t\t\t<\/div>\n\t\t\t\t<\/div>\n\t\t\t\t<div class=\"elementor-element elementor-element-0acc09e elementor-widget elementor-widget-text-editor\" data-id=\"0acc09e\" data-element_type=\"widget\" data-e-type=\"widget\" data-widget_type=\"text-editor.default\">\n\t\t\t\t<div class=\"elementor-widget-container\">\n\t\t\t\t\t\t\t\t\t<p><span style=\"font-weight: 400;\">En este programa se ofrece un viaje privado de recuperaci\u00f3n\u00a0 f\u00edsico, emocional y mental una vez al a\u00f1o para personas con agotamiento laboral o profesional (Burnout), a un destino paradis\u00edaco que invita a la serenidad, quietud y relajaci\u00f3n, especialmente dise\u00f1ado para un grupo no mayor de 20 personas.<\/span><\/p><p><span style=\"font-weight: 400;\">Te invitamos a ser parte de nuestra comunidad.<\/span><\/p>\t\t\t\t\t\t\t\t<\/div>\n\t\t\t\t<\/div>\n\t\t\t\t<div class=\"elementor-element elementor-element-cae9b12 elementor-tablet-align-center elementor-mobile-align-center elementor-widget elementor-widget-button\" data-id=\"cae9b12\" data-element_type=\"widget\" data-e-type=\"widget\" data-widget_type=\"button.default\">\n\t\t\t\t<div class=\"elementor-widget-container\">\n\t\t\t\t\t\t\t\t\t<div class=\"elementor-button-wrapper\">\n\t\t\t\t\t<a class=\"elementor-button elementor-button-link elementor-size-sm elementor-animation-grow\" href=\"https:\/\/viahr.org\/contacto\/\">\n\t\t\t\t\t\t<span class=\"elementor-button-content-wrapper\">\n\t\t\t\t\t\t\t\t\t<span class=\"elementor-button-text\">M\u00e1s informaci\u00f3n<\/span>\n\t\t\t\t\t<\/span>\n\t\t\t\t\t<\/a>\n\t\t\t\t<\/div>\n\t\t\t\t\t\t\t\t<\/div>\n\t\t\t\t<\/div>\n\t\t\t\t<\/div>\n\t\t<div class=\"elementor-element elementor-element-11503a2 e-con-full e-flex e-con e-child\" data-id=\"11503a2\" data-element_type=\"container\" data-e-type=\"container\">\n\t\t\t\t<div class=\"elementor-element elementor-element-0bcbc28 elementor-widget elementor-widget-image\" data-id=\"0bcbc28\" data-element_type=\"widget\" data-e-type=\"widget\" data-widget_type=\"image.default\">\n\t\t\t\t<div class=\"elementor-widget-container\">\n\t\t\t\t\t\t\t\t\t\t\t\t\t\t\t<img loading=\"lazy\" decoding=\"async\" loading=\"lazy\" width=\"1920\" height=\"1080\" src=\"https:\/\/viahr.org\/staging\/8024\/wp-content\/uploads\/2024\/04\/Programatomaunapausa.webp\" class=\"attachment-large size-large wp-image-20027\" alt=\"\" srcset=\"https:\/\/viahr.org\/staging\/8024\/wp-content\/uploads\/2024\/04\/Programatomaunapausa.webp 1920w, https:\/\/viahr.org\/staging\/8024\/wp-content\/uploads\/2024\/04\/Programatomaunapausa-300x169.webp 300w, https:\/\/viahr.org\/staging\/8024\/wp-content\/uploads\/2024\/04\/Programatomaunapausa-768x432.webp 768w, https:\/\/viahr.org\/staging\/8024\/wp-content\/uploads\/2024\/04\/Programatomaunapausa-1536x864.webp 1536w\" sizes=\"auto, (max-width: 1920px) 100vw, 1920px\" \/>\t\t\t\t\t\t\t\t\t\t\t\t\t\t\t<\/div>\n\t\t\t\t<\/div>\n\t\t\t\t<\/div>\n\t\t\t\t\t<\/div>\n\t\t\t\t<\/div>\n\t\t\t\t<\/div>\n\t\t","protected":false},"excerpt":{"rendered":"<p>Programa Toma una pausa Programa Toma una pausa En este programa se ofrece un viaje privado de recuperaci\u00f3n\u00a0 f\u00edsico, emocional y mental una vez al a\u00f1o para personas con agotamiento laboral o profesional (Burnout), a un destino paradis\u00edaco que invita a la serenidad, quietud y relajaci\u00f3n, especialmente dise\u00f1ado para un grupo no mayor de 20 [&hellip;]<\/p>\n","protected":false},"author":5,"featured_media":9718,"parent":0,"menu_order":0,"comment_status":"closed","ping_status":"closed","template":"","meta":{"_acf_changed":false,"nf_dc_page":"","om_disable_all_campaigns":false,"_monsterinsights_skip_tracking":false,"_monsterinsights_sitenote_active":false,"_monsterinsights_sitenote_note":"","_monsterinsights_sitenote_category":0,"site-sidebar-layout":"no-sidebar","site-content-layout":"page-builder","ast-site-content-layout":"full-width-container","site-content-style":"unboxed","site-sidebar-style":"unboxed","ast-global-header-display":"","ast-banner-title-visibility":"","ast-main-header-display":"","ast-hfb-above-header-display":"","ast-hfb-below-header-display":"","ast-hfb-mobile-header-display":"","site-post-title":"disabled","ast-breadcrumbs-content":"","ast-featured-img":"disabled","footer-sml-layout":"","ast-disable-related-posts":"","theme-transparent-header-meta":"disabled","adv-header-id-meta":"","stick-header-meta":"","header-above-stick-meta":"","header-main-stick-meta":"","header-below-stick-meta":"","astra-migrate-meta-layouts":"set","ast-page-background-enabled":"default","ast-page-background-meta":{"desktop":{"background-color":"","background-image":"","background-repeat":"repeat","background-position":"center center","background-size":"auto","background-attachment":"scroll","background-type":"","background-media":"","overlay-type":"","overlay-color":"","overlay-opacity":"","overlay-gradient":""},"tablet":{"background-color":"","background-image":"","background-repeat":"repeat","background-position":"center center","background-size":"auto","background-attachment":"scroll","background-type":"","background-media":"","overlay-type":"","overlay-color":"","overlay-opacity":"","overlay-gradient":""},"mobile":{"background-color":"","background-image":"","background-repeat":"repeat","background-position":"center center","background-size":"auto","background-attachment":"scroll","background-type":"","background-media":"","overlay-type":"","overlay-color":"","overlay-opacity":"","overlay-gradient":""}},"ast-content-background-meta":{"desktop":{"background-color":"var(--ast-global-color-5)","background-image":"","background-repeat":"repeat","background-position":"center center","background-size":"auto","background-attachment":"scroll","background-type":"","background-media":"","overlay-type":"","overlay-color":"","overlay-opacity":"","overlay-gradient":""},"tablet":{"background-color":"var(--ast-global-color-5)","background-image":"","background-repeat":"repeat","background-position":"center center","background-size":"auto","background-attachment":"scroll","background-type":"","background-media":"","overlay-type":"","overlay-color":"","overlay-opacity":"","overlay-gradient":""},"mobile":{"background-color":"var(--ast-global-color-5)","background-image":"","background-repeat":"repeat","background-position":"center center","background-size":"auto","background-attachment":"scroll","background-type":"","background-media":"","overlay-type":"","overlay-color":"","overlay-opacity":"","overlay-gradient":""}},"footnotes":""},"class_list":["post-24027","page","type-page","status-publish","has-post-thumbnail","hentry"],"acf":[],"yoast_head":"<!-- This site is optimized with the Yoast SEO plugin v27.4 - https:\/\/yoast.com\/product\/yoast-seo-wordpress\/ -->\n<title>PROGRAMAS - VIAHR<\/title>\n<meta name=\"description\" content=\"En VIAHR ofrecemos distintos programas enfocados en el individuo. CUIDAMOS DE TI. UNIMOS A LA FAMILIA, TOMA UNA PAUSA\" \/>\n<meta name=\"robots\" content=\"noindex, follow, max-snippet:-1, max-image-preview:large, max-video-preview:-1\" \/>\n<meta property=\"og:locale\" content=\"en_US\" \/>\n<meta property=\"og:type\" content=\"article\" \/>\n<meta property=\"og:title\" content=\"PROGRAMAS - VIAHR\" \/>\n<meta property=\"og:description\" content=\"En VIAHR ofrecemos distintos programas enfocados en el individuo. CUIDAMOS DE TI. UNIMOS A LA FAMILIA, TOMA UNA PAUSA\" \/>\n<meta property=\"og:url\" content=\"https:\/\/viahr.org\/programa-toma-una-pausa\/\" \/>\n<meta property=\"og:site_name\" content=\"VIAHR\" \/>\n<meta property=\"article:publisher\" content=\"https:\/\/www.facebook.com\/viahr.org\" \/>\n<meta property=\"article:modified_time\" content=\"2026-03-12T17:45:39+00:00\" \/>\n<meta property=\"og:image\" content=\"https:\/\/viahr.org\/wp-content\/uploads\/2022\/06\/logotipo-Viahr-Foundation.png\" \/>\n\t<meta property=\"og:image:width\" content=\"320\" \/>\n\t<meta property=\"og:image:height\" content=\"320\" \/>\n\t<meta property=\"og:image:type\" content=\"image\/png\" \/>\n<meta name=\"twitter:card\" content=\"summary_large_image\" \/>\n<meta name=\"twitter:label1\" content=\"Est. reading time\" \/>\n\t<meta name=\"twitter:data1\" content=\"2 minutes\" \/>\n<script type=\"application\/ld+json\" class=\"yoast-schema-graph\">{\"@context\":\"https:\\\/\\\/schema.org\",\"@graph\":[{\"@type\":\"WebPage\",\"@id\":\"https:\\\/\\\/viahr.org\\\/programa-toma-una-pausa\\\/\",\"url\":\"https:\\\/\\\/viahr.org\\\/programa-toma-una-pausa\\\/\",\"name\":\"PROGRAMAS - VIAHR\",\"isPartOf\":{\"@id\":\"https:\\\/\\\/viahr.org\\\/staging\\\/8024\\\/#website\"},\"primaryImageOfPage\":{\"@id\":\"https:\\\/\\\/viahr.org\\\/programa-toma-una-pausa\\\/#primaryimage\"},\"image\":{\"@id\":\"https:\\\/\\\/viahr.org\\\/programa-toma-una-pausa\\\/#primaryimage\"},\"thumbnailUrl\":\"https:\\\/\\\/viahr.org\\\/staging\\\/8024\\\/wp-content\\\/uploads\\\/2022\\\/06\\\/logotipo-Viahr-Foundation.png\",\"datePublished\":\"2026-03-12T17:43:26+00:00\",\"dateModified\":\"2026-03-12T17:45:39+00:00\",\"description\":\"En VIAHR ofrecemos distintos programas enfocados en el individuo. CUIDAMOS DE TI. UNIMOS A LA FAMILIA, TOMA UNA PAUSA\",\"breadcrumb\":{\"@id\":\"https:\\\/\\\/viahr.org\\\/programa-toma-una-pausa\\\/#breadcrumb\"},\"inLanguage\":\"en-US\",\"potentialAction\":[{\"@type\":\"ReadAction\",\"target\":[\"https:\\\/\\\/viahr.org\\\/programa-toma-una-pausa\\\/\"]}]},{\"@type\":\"ImageObject\",\"inLanguage\":\"en-US\",\"@id\":\"https:\\\/\\\/viahr.org\\\/programa-toma-una-pausa\\\/#primaryimage\",\"url\":\"https:\\\/\\\/viahr.org\\\/staging\\\/8024\\\/wp-content\\\/uploads\\\/2022\\\/06\\\/logotipo-Viahr-Foundation.png\",\"contentUrl\":\"https:\\\/\\\/viahr.org\\\/staging\\\/8024\\\/wp-content\\\/uploads\\\/2022\\\/06\\\/logotipo-Viahr-Foundation.png\",\"width\":320,\"height\":320,\"caption\":\"logotipo Viahr Foundation\"},{\"@type\":\"BreadcrumbList\",\"@id\":\"https:\\\/\\\/viahr.org\\\/programa-toma-una-pausa\\\/#breadcrumb\",\"itemListElement\":[{\"@type\":\"ListItem\",\"position\":1,\"name\":\"Portada\",\"item\":\"https:\\\/\\\/viahr.org\\\/\"},{\"@type\":\"ListItem\",\"position\":2,\"name\":\"PROGRAMA TOMA UNA PAUSA\"}]},{\"@type\":\"WebSite\",\"@id\":\"https:\\\/\\\/viahr.org\\\/staging\\\/8024\\\/#website\",\"url\":\"https:\\\/\\\/viahr.org\\\/staging\\\/8024\\\/\",\"name\":\"VIAHR\",\"description\":\"Vacation is a human right\",\"publisher\":{\"@id\":\"https:\\\/\\\/viahr.org\\\/staging\\\/8024\\\/#organization\"},\"potentialAction\":[{\"@type\":\"SearchAction\",\"target\":{\"@type\":\"EntryPoint\",\"urlTemplate\":\"https:\\\/\\\/viahr.org\\\/staging\\\/8024\\\/?s={search_term_string}\"},\"query-input\":{\"@type\":\"PropertyValueSpecification\",\"valueRequired\":true,\"valueName\":\"search_term_string\"}}],\"inLanguage\":\"en-US\"},{\"@type\":\"Organization\",\"@id\":\"https:\\\/\\\/viahr.org\\\/staging\\\/8024\\\/#organization\",\"name\":\"VIAHR\",\"alternateName\":\"VIAHR FOUNDATION\",\"url\":\"https:\\\/\\\/viahr.org\\\/staging\\\/8024\\\/\",\"logo\":{\"@type\":\"ImageObject\",\"inLanguage\":\"en-US\",\"@id\":\"https:\\\/\\\/viahr.org\\\/staging\\\/8024\\\/#\\\/schema\\\/logo\\\/image\\\/\",\"url\":\"https:\\\/\\\/viahr.org\\\/staging\\\/8024\\\/wp-content\\\/uploads\\\/2022\\\/06\\\/logotipo-Viahr-Foundation.png\",\"contentUrl\":\"https:\\\/\\\/viahr.org\\\/staging\\\/8024\\\/wp-content\\\/uploads\\\/2022\\\/06\\\/logotipo-Viahr-Foundation.png\",\"width\":320,\"height\":320,\"caption\":\"VIAHR\"},\"image\":{\"@id\":\"https:\\\/\\\/viahr.org\\\/staging\\\/8024\\\/#\\\/schema\\\/logo\\\/image\\\/\"},\"sameAs\":[\"https:\\\/\\\/www.facebook.com\\\/viahr.org\"]}]}<\/script>\n<!-- \/ Yoast SEO plugin. -->","yoast_head_json":{"title":"PROGRAMAS - VIAHR","description":"En VIAHR ofrecemos distintos programas enfocados en el individuo. CUIDAMOS DE TI. UNIMOS A LA FAMILIA, TOMA UNA PAUSA","robots":{"index":"noindex","follow":"follow","max-snippet":"max-snippet:-1","max-image-preview":"max-image-preview:large","max-video-preview":"max-video-preview:-1"},"og_locale":"en_US","og_type":"article","og_title":"PROGRAMAS - VIAHR","og_description":"En VIAHR ofrecemos distintos programas enfocados en el individuo. CUIDAMOS DE TI. UNIMOS A LA FAMILIA, TOMA UNA PAUSA","og_url":"https:\/\/viahr.org\/programa-toma-una-pausa\/","og_site_name":"VIAHR","article_publisher":"https:\/\/www.facebook.com\/viahr.org","article_modified_time":"2026-03-12T17:45:39+00:00","og_image":[{"width":320,"height":320,"url":"https:\/\/viahr.org\/wp-content\/uploads\/2022\/06\/logotipo-Viahr-Foundation.png","type":"image\/png"}],"twitter_card":"summary_large_image","twitter_misc":{"Est. reading time":"2 minutes"},"schema":{"@context":"https:\/\/schema.org","@graph":[{"@type":"WebPage","@id":"https:\/\/viahr.org\/programa-toma-una-pausa\/","url":"https:\/\/viahr.org\/programa-toma-una-pausa\/","name":"PROGRAMAS - VIAHR","isPartOf":{"@id":"https:\/\/viahr.org\/staging\/8024\/#website"},"primaryImageOfPage":{"@id":"https:\/\/viahr.org\/programa-toma-una-pausa\/#primaryimage"},"image":{"@id":"https:\/\/viahr.org\/programa-toma-una-pausa\/#primaryimage"},"thumbnailUrl":"https:\/\/viahr.org\/staging\/8024\/wp-content\/uploads\/2022\/06\/logotipo-Viahr-Foundation.png","datePublished":"2026-03-12T17:43:26+00:00","dateModified":"2026-03-12T17:45:39+00:00","description":"En VIAHR ofrecemos distintos programas enfocados en el individuo. CUIDAMOS DE TI. UNIMOS A LA FAMILIA, TOMA UNA PAUSA","breadcrumb":{"@id":"https:\/\/viahr.org\/programa-toma-una-pausa\/#breadcrumb"},"inLanguage":"en-US","potentialAction":[{"@type":"ReadAction","target":["https:\/\/viahr.org\/programa-toma-una-pausa\/"]}]},{"@type":"ImageObject","inLanguage":"en-US","@id":"https:\/\/viahr.org\/programa-toma-una-pausa\/#primaryimage","url":"https:\/\/viahr.org\/staging\/8024\/wp-content\/uploads\/2022\/06\/logotipo-Viahr-Foundation.png","contentUrl":"https:\/\/viahr.org\/staging\/8024\/wp-content\/uploads\/2022\/06\/logotipo-Viahr-Foundation.png","width":320,"height":320,"caption":"logotipo Viahr Foundation"},{"@type":"BreadcrumbList","@id":"https:\/\/viahr.org\/programa-toma-una-pausa\/#breadcrumb","itemListElement":[{"@type":"ListItem","position":1,"name":"Portada","item":"https:\/\/viahr.org\/"},{"@type":"ListItem","position":2,"name":"PROGRAMA TOMA UNA PAUSA"}]},{"@type":"WebSite","@id":"https:\/\/viahr.org\/staging\/8024\/#website","url":"https:\/\/viahr.org\/staging\/8024\/","name":"VIAHR","description":"Vacation is a human right","publisher":{"@id":"https:\/\/viahr.org\/staging\/8024\/#organization"},"potentialAction":[{"@type":"SearchAction","target":{"@type":"EntryPoint","urlTemplate":"https:\/\/viahr.org\/staging\/8024\/?s={search_term_string}"},"query-input":{"@type":"PropertyValueSpecification","valueRequired":true,"valueName":"search_term_string"}}],"inLanguage":"en-US"},{"@type":"Organization","@id":"https:\/\/viahr.org\/staging\/8024\/#organization","name":"VIAHR","alternateName":"VIAHR FOUNDATION","url":"https:\/\/viahr.org\/staging\/8024\/","logo":{"@type":"ImageObject","inLanguage":"en-US","@id":"https:\/\/viahr.org\/staging\/8024\/#\/schema\/logo\/image\/","url":"https:\/\/viahr.org\/staging\/8024\/wp-content\/uploads\/2022\/06\/logotipo-Viahr-Foundation.png","contentUrl":"https:\/\/viahr.org\/staging\/8024\/wp-content\/uploads\/2022\/06\/logotipo-Viahr-Foundation.png","width":320,"height":320,"caption":"VIAHR"},"image":{"@id":"https:\/\/viahr.org\/staging\/8024\/#\/schema\/logo\/image\/"},"sameAs":["https:\/\/www.facebook.com\/viahr.org"]}]}},"_links":{"self":[{"href":"https:\/\/viahr.org\/staging\/8024\/wp-json\/wp\/v2\/pages\/24027","targetHints":{"allow":["GET"]}}],"collection":[{"href":"https:\/\/viahr.org\/staging\/8024\/wp-json\/wp\/v2\/pages"}],"about":[{"href":"https:\/\/viahr.org\/staging\/8024\/wp-json\/wp\/v2\/types\/page"}],"author":[{"embeddable":true,"href":"https:\/\/viahr.org\/staging\/8024\/wp-json\/wp\/v2\/users\/5"}],"replies":[{"embeddable":true,"href":"https:\/\/viahr.org\/staging\/8024\/wp-json\/wp\/v2\/comments?post=24027"}],"version-history":[{"count":7,"href":"https:\/\/viahr.org\/staging\/8024\/wp-json\/wp\/v2\/pages\/24027\/revisions"}],"predecessor-version":[{"id":24034,"href":"https:\/\/viahr.org\/staging\/8024\/wp-json\/wp\/v2\/pages\/24027\/revisions\/24034"}],"wp:featuredmedia":[{"embeddable":true,"href":"https:\/\/viahr.org\/staging\/8024\/wp-json\/wp\/v2\/media\/9718"}],"wp:attachment":[{"href":"https:\/\/viahr.org\/staging\/8024\/wp-json\/wp\/v2\/media?parent=24027"}],"curies":[{"name":"wp","href":"https:\/\/api.w.org\/{rel}","templated":true}]}}