{"id":7852,"date":"2022-05-12T01:17:52","date_gmt":"2022-05-12T05:17:52","guid":{"rendered":"https:\/\/viahr.org\/staging\/8024\/?page_id=7852"},"modified":"2024-06-17T02:13:56","modified_gmt":"2024-06-17T06:13:56","slug":"descargar-e-book-sobre-burnout","status":"publish","type":"page","link":"https:\/\/viahr.org\/staging\/8024\/descargar-e-book-sobre-burnout\/","title":{"rendered":"Descarga la guia de burnout"},"content":{"rendered":"\t\t<div data-elementor-type=\"wp-page\" data-elementor-id=\"7852\" class=\"elementor elementor-7852\" data-elementor-post-type=\"page\">\n\t\t\t\t<div class=\"elementor-element elementor-element-a0e5963 e-flex e-con-boxed e-con e-parent\" data-id=\"a0e5963\" data-element_type=\"container\" data-e-type=\"container\">\n\t\t\t\t\t<div class=\"e-con-inner\">\n\t\t<div class=\"elementor-element elementor-element-1775c7e e-con-full e-flex e-con e-child\" data-id=\"1775c7e\" data-element_type=\"container\" data-e-type=\"container\">\n\t\t\t\t<div class=\"elementor-element elementor-element-b8c2f35 elementor-widget elementor-widget-heading\" data-id=\"b8c2f35\" data-element_type=\"widget\" data-e-type=\"widget\" data-widget_type=\"heading.default\">\n\t\t\t\t<div class=\"elementor-widget-container\">\n\t\t\t\t\t<h2 class=\"elementor-heading-title elementor-size-default\">Descargar <br>e-book sobre burnout<\/h2>\t\t\t\t<\/div>\n\t\t\t\t<\/div>\n\t\t\t\t<\/div>\n\t\t<div class=\"elementor-element elementor-element-02b6396 e-con-full e-flex e-con e-child\" data-id=\"02b6396\" data-element_type=\"container\" data-e-type=\"container\">\n\t\t\t\t<div class=\"elementor-element elementor-element-d82d040 elementor-widget elementor-widget-image\" data-id=\"d82d040\" data-element_type=\"widget\" data-e-type=\"widget\" data-widget_type=\"image.default\">\n\t\t\t\t<div class=\"elementor-widget-container\">\n\t\t\t\t\t\t\t\t\t\t\t\t\t\t\t<img loading=\"lazy\" decoding=\"async\" loading=\"lazy\" width=\"147\" height=\"147\" src=\"https:\/\/viahr.org\/staging\/8024\/wp-content\/uploads\/2022\/08\/explorar.png\" class=\"attachment-large size-large wp-image-10086\" alt=\"explorar\" \/>\t\t\t\t\t\t\t\t\t\t\t\t\t\t\t<\/div>\n\t\t\t\t<\/div>\n\t\t\t\t<\/div>\n\t\t\t\t\t<\/div>\n\t\t\t\t<\/div>\n\t\t<div class=\"elementor-element elementor-element-ea06c68 e-flex e-con-boxed e-con e-parent\" data-id=\"ea06c68\" data-element_type=\"container\" data-e-type=\"container\">\n\t\t\t\t\t<div class=\"e-con-inner\">\n\t\t<div class=\"elementor-element elementor-element-4f3611f e-con-full e-flex e-con e-child\" data-id=\"4f3611f\" data-element_type=\"container\" data-e-type=\"container\">\n\t\t\t\t<div class=\"elementor-element elementor-element-de9ad6f elementor-widget elementor-widget-heading\" data-id=\"de9ad6f\" data-element_type=\"widget\" data-e-type=\"widget\" data-widget_type=\"heading.default\">\n\t\t\t\t<div class=\"elementor-widget-container\">\n\t\t\t\t\t<h2 class=\"elementor-heading-title elementor-size-default\">\u00bfCrees que padeces de agotamiento laboral?\n<\/h2>\t\t\t\t<\/div>\n\t\t\t\t<\/div>\n\t\t\t\t<div class=\"elementor-element elementor-element-f835ccd elementor-widget-divider--view-line elementor-widget elementor-widget-divider\" data-id=\"f835ccd\" data-element_type=\"widget\" data-e-type=\"widget\" data-widget_type=\"divider.default\">\n\t\t\t\t<div class=\"elementor-widget-container\">\n\t\t\t\t\t\t\t<div class=\"elementor-divider\">\n\t\t\t<span class=\"elementor-divider-separator\">\n\t\t\t\t\t\t<\/span>\n\t\t<\/div>\n\t\t\t\t\t\t<\/div>\n\t\t\t\t<\/div>\n\t\t\t\t<div class=\"elementor-element elementor-element-ed23b39 elementor-widget elementor-widget-heading\" data-id=\"ed23b39\" data-element_type=\"widget\" data-e-type=\"widget\" data-widget_type=\"heading.default\">\n\t\t\t\t<div class=\"elementor-widget-container\">\n\t\t\t\t\t<h3 class=\"elementor-heading-title elementor-size-default\">\u00bfAlguien cercano a ti sufre esta condici\u00f3n? <\/br><\/br><\/h3>\t\t\t\t<\/div>\n\t\t\t\t<\/div>\n\t\t\t\t<\/div>\n\t\t<div class=\"elementor-element elementor-element-0d0e7cd e-con-full e-flex e-con e-child\" data-id=\"0d0e7cd\" data-element_type=\"container\" data-e-type=\"container\">\n\t\t\t\t<div class=\"elementor-element elementor-element-1afe134 elementor-widget elementor-widget-heading\" data-id=\"1afe134\" data-element_type=\"widget\" data-e-type=\"widget\" data-widget_type=\"heading.default\">\n\t\t\t\t<div class=\"elementor-widget-container\">\n\t\t\t\t\t<h3 class=\"elementor-heading-title elementor-size-default\">Este e-book te ense\u00f1ar\u00e1 a identificar el burnout, y c\u00f3mo crear una relaci\u00f3n saludable entre la vida laboral y personal.<\/h3>\t\t\t\t<\/div>\n\t\t\t\t<\/div>\n\t\t\t\t<div class=\"elementor-element elementor-element-34b1a84 elementor-button-align-stretch elementor-widget elementor-widget-form\" data-id=\"34b1a84\" data-element_type=\"widget\" data-e-type=\"widget\" data-settings=\"{&quot;button_width&quot;:&quot;30&quot;,&quot;step_next_label&quot;:&quot;Next&quot;,&quot;step_previous_label&quot;:&quot;Previous&quot;,&quot;step_type&quot;:&quot;number_text&quot;,&quot;step_icon_shape&quot;:&quot;circle&quot;}\" data-widget_type=\"form.default\">\n\t\t\t\t<div class=\"elementor-widget-container\">\n\t\t\t\t\t\t\t<form class=\"elementor-form\" method=\"post\" name=\"New Form\" aria-label=\"New Form\">\n\t\t\t<input type=\"hidden\" name=\"post_id\" value=\"7852\"\/>\n\t\t\t<input type=\"hidden\" name=\"form_id\" value=\"34b1a84\"\/>\n\t\t\t<input type=\"hidden\" name=\"referer_title\" value=\"Descargar e-book sobre burnout\" \/>\n\n\t\t\t\t\t\t\t<input type=\"hidden\" name=\"queried_id\" value=\"7852\"\/>\n\t\t\t\n\t\t\t<div class=\"elementor-form-fields-wrapper elementor-labels-above\">\n\t\t\t\t\t\t\t\t<div class=\"elementor-field-type-text elementor-field-group elementor-column elementor-field-group-nombre elementor-col-60 elementor-field-required\">\n\t\t\t\t\t\t\t\t\t\t\t\t<label for=\"form-field-nombre\" class=\"elementor-field-label\">\n\t\t\t\t\t\t\t\tNombre \t\t\t\t\t\t\t<\/label>\n\t\t\t\t\t\t\t\t\t\t\t\t\t\t<input size=\"1\" type=\"text\" name=\"form_fields[nombre]\" id=\"form-field-nombre\" class=\"elementor-field elementor-size-sm  elementor-field-textual\" placeholder=\"Tu nombre \" required=\"required\">\n\t\t\t\t\t\t\t\t\t\t\t<\/div>\n\t\t\t\t\t\t\t\t<div class=\"elementor-field-type-email elementor-field-group elementor-column elementor-field-group-email elementor-col-60 elementor-field-required\">\n\t\t\t\t\t\t\t\t\t\t\t\t<label for=\"form-field-email\" class=\"elementor-field-label\">\n\t\t\t\t\t\t\t\tCorreo\t\t\t\t\t\t\t<\/label>\n\t\t\t\t\t\t\t\t\t\t\t\t\t\t<input size=\"1\" type=\"email\" name=\"form_fields[email]\" id=\"form-field-email\" class=\"elementor-field elementor-size-sm  elementor-field-textual\" placeholder=\"Tu mejor correo\" required=\"required\">\n\t\t\t\t\t\t\t\t\t\t\t<\/div>\n\t\t\t\t\t\t\t\t<div class=\"elementor-field-type-acceptance elementor-field-group elementor-column elementor-field-group-field_f6b6e0e elementor-col-100 elementor-field-required\">\n\t\t\t\t\t\t\t<div class=\"elementor-field-subgroup\">\n\t\t\t<span class=\"elementor-field-option\">\n\t\t\t\t<input type=\"checkbox\" name=\"form_fields[field_f6b6e0e]\" id=\"form-field-field_f6b6e0e\" class=\"elementor-field elementor-size-sm  elementor-acceptance-field\" required=\"required\">\n\t\t\t\t<label for=\"form-field-field_f6b6e0e\">Acepta la <a href=\"https:\/\/viahr.org\/politica-privacidad-viahr\/\" rel=\u201cnofollow\u201d target=\u201c_blank\u201d>Pol\u00edtica de Privacidad<\/a><\/label>\t\t\t<\/span>\n\t\t<\/div>\n\t\t\t\t\t\t<\/div>\n\t\t\t\t\t\t\t\t<div class=\"elementor-field-type-recaptcha_v3 elementor-field-group elementor-column elementor-field-group-field_dfef7d0 elementor-col-100 recaptcha_v3-bottomright\">\n\t\t\t\t\t<div class=\"elementor-field\" id=\"form-field-field_dfef7d0\"><div class=\"elementor-g-recaptcha\" data-sitekey=\"6LfMi5whAAAAABEGrfGXHkg5PZrg-VB8xbYy5C1O\" data-type=\"v3\" data-action=\"Form\" data-badge=\"bottomright\" data-size=\"invisible\"><\/div><\/div>\t\t\t\t<\/div>\n\t\t\t\t\t\t\t\t<div class=\"elementor-field-group elementor-column elementor-field-type-submit elementor-col-30 e-form__buttons\">\n\t\t\t\t\t<button class=\"elementor-button elementor-size-sm elementor-animation-pulse\" type=\"submit\">\n\t\t\t\t\t\t<span class=\"elementor-button-content-wrapper\">\n\t\t\t\t\t\t\t\t\t\t\t\t\t\t\t\t\t\t\t\t\t\t<span class=\"elementor-button-text\">Descargar ahora<\/span>\n\t\t\t\t\t\t\t\t\t\t\t\t\t<\/span>\n\t\t\t\t\t<\/button>\n\t\t\t\t<\/div>\n\t\t\t<\/div>\n\t\t<\/form>\n\t\t\t\t\t\t<\/div>\n\t\t\t\t<\/div>\n\t\t\t\t<div class=\"elementor-element elementor-element-88a86d4 elementor-widget elementor-widget-accordion\" data-id=\"88a86d4\" data-element_type=\"widget\" data-e-type=\"widget\" data-widget_type=\"accordion.default\">\n\t\t\t\t<div class=\"elementor-widget-container\">\n\t\t\t\t\t\t\t<div class=\"elementor-accordion\">\n\t\t\t\t\t\t\t<div class=\"elementor-accordion-item\">\n\t\t\t\t\t<div id=\"elementor-tab-title-1431\" class=\"elementor-tab-title\" data-tab=\"1\" role=\"button\" aria-controls=\"elementor-tab-content-1431\" aria-expanded=\"false\">\n\t\t\t\t\t\t\t\t\t\t\t\t\t<span class=\"elementor-accordion-icon elementor-accordion-icon-left\" aria-hidden=\"true\">\n\t\t\t\t\t\t\t\t\t\t\t\t\t\t\t<span class=\"elementor-accordion-icon-closed\"><svg class=\"e-font-icon-svg e-fas-plus\" viewBox=\"0 0 448 512\" xmlns=\"http:\/\/www.w3.org\/2000\/svg\"><path d=\"M416 208H272V64c0-17.67-14.33-32-32-32h-32c-17.67 0-32 14.33-32 32v144H32c-17.67 0-32 14.33-32 32v32c0 17.67 14.33 32 32 32h144v144c0 17.67 14.33 32 32 32h32c17.67 0 32-14.33 32-32V304h144c17.67 0 32-14.33 32-32v-32c0-17.67-14.33-32-32-32z\"><\/path><\/svg><\/span>\n\t\t\t\t\t\t\t\t<span class=\"elementor-accordion-icon-opened\"><svg class=\"e-font-icon-svg e-fas-minus\" viewBox=\"0 0 448 512\" xmlns=\"http:\/\/www.w3.org\/2000\/svg\"><path d=\"M416 208H32c-17.67 0-32 14.33-32 32v32c0 17.67 14.33 32 32 32h384c17.67 0 32-14.33 32-32v-32c0-17.67-14.33-32-32-32z\"><\/path><\/svg><\/span>\n\t\t\t\t\t\t\t\t\t\t\t\t\t\t<\/span>\n\t\t\t\t\t\t\t\t\t\t\t\t<a class=\"elementor-accordion-title\" tabindex=\"0\">Informaci\u00f3n sobre el tratamiento de datos personales:<\/a>\n\t\t\t\t\t<\/div>\n\t\t\t\t\t<div id=\"elementor-tab-content-1431\" class=\"elementor-tab-content elementor-clearfix\" data-tab=\"1\" role=\"region\" aria-labelledby=\"elementor-tab-title-1431\"><p><strong>Responsable:<\/strong> VIAHR Foundation<strong><br \/>Finalidad:<\/strong> Responder dudas o diligencias precontractuales <strong><br \/>Legitimaci\u00f3n:<\/strong> Diligencias precontractuales<strong><br \/>Destinatarios:<\/strong> Mautic &#8211;\u00a0 Bluehost.com<strong><br \/>Duraci\u00f3n:<\/strong> Tus datos ser\u00e1n guardados solamente por 6 meses, o mientras nuestra relaci\u00f3n contractual permanezca activa.<br \/><strong>Derechos e informaci\u00f3n adicional:<\/strong> Puedes leer todos los detalles en la <a href=\"https:\/\/viahr.org\/politica-privacidad-viahr\/\" target=\"_blank\" rel=\"noopener\">pol\u00edtica de privacidad<\/a>.<\/p><\/div>\n\t\t\t\t<\/div>\n\t\t\t\t\t\t\t\t<\/div>\n\t\t\t\t\t\t<\/div>\n\t\t\t\t<\/div>\n\t\t\t\t<\/div>\n\t\t\t\t\t<\/div>\n\t\t\t\t<\/div>\n\t\t\t\t<\/div>\n\t\t","protected":false},"excerpt":{"rendered":"<p>Descargar e-book sobre burnout \u00bfCrees que padeces de agotamiento laboral? \u00bfAlguien cercano a ti sufre esta condici\u00f3n? Este e-book te ense\u00f1ar\u00e1 a identificar el burnout, y c\u00f3mo crear una relaci\u00f3n saludable entre la vida laboral y personal. Informaci\u00f3n sobre el tratamiento de datos personales: Responsable: VIAHR FoundationFinalidad: Responder dudas o diligencias precontractuales Legitimaci\u00f3n: Diligencias precontractualesDestinatarios: [&hellip;]<\/p>\n","protected":false},"author":5,"featured_media":20158,"parent":0,"menu_order":0,"comment_status":"closed","ping_status":"closed","template":"","meta":{"_acf_changed":false,"nf_dc_page":"","om_disable_all_campaigns":false,"_monsterinsights_skip_tracking":false,"_monsterinsights_sitenote_active":false,"_monsterinsights_sitenote_note":"","_monsterinsights_sitenote_category":0,"site-sidebar-layout":"default","site-content-layout":"plain-container","ast-site-content-layout":"default","site-content-style":"unboxed","site-sidebar-style":"unboxed","ast-global-header-display":"","ast-banner-title-visibility":"","ast-main-header-display":"","ast-hfb-above-header-display":"","ast-hfb-below-header-display":"","ast-hfb-mobile-header-display":"","site-post-title":"disabled","ast-breadcrumbs-content":"","ast-featured-img":"disabled","footer-sml-layout":"","ast-disable-related-posts":"","theme-transparent-header-meta":"default","adv-header-id-meta":"","stick-header-meta":"","header-above-stick-meta":"","header-main-stick-meta":"","header-below-stick-meta":"","astra-migrate-meta-layouts":"set","ast-page-background-enabled":"default","ast-page-background-meta":{"desktop":{"background-color":"","background-image":"","background-repeat":"repeat","background-position":"center center","background-size":"auto","background-attachment":"scroll","background-type":"","background-media":"","overlay-type":"","overlay-color":"","overlay-opacity":"","overlay-gradient":""},"tablet":{"background-color":"","background-image":"","background-repeat":"repeat","background-position":"center center","background-size":"auto","background-attachment":"scroll","background-type":"","background-media":"","overlay-type":"","overlay-color":"","overlay-opacity":"","overlay-gradient":""},"mobile":{"background-color":"","background-image":"","background-repeat":"repeat","background-position":"center center","background-size":"auto","background-attachment":"scroll","background-type":"","background-media":"","overlay-type":"","overlay-color":"","overlay-opacity":"","overlay-gradient":""}},"ast-content-background-meta":{"desktop":{"background-color":"var(--ast-global-color-5)","background-image":"","background-repeat":"repeat","background-position":"center center","background-size":"auto","background-attachment":"scroll","background-type":"","background-media":"","overlay-type":"","overlay-color":"","overlay-opacity":"","overlay-gradient":""},"tablet":{"background-color":"var(--ast-global-color-5)","background-image":"","background-repeat":"repeat","background-position":"center center","background-size":"auto","background-attachment":"scroll","background-type":"","background-media":"","overlay-type":"","overlay-color":"","overlay-opacity":"","overlay-gradient":""},"mobile":{"background-color":"var(--ast-global-color-5)","background-image":"","background-repeat":"repeat","background-position":"center center","background-size":"auto","background-attachment":"scroll","background-type":"","background-media":"","overlay-type":"","overlay-color":"","overlay-opacity":"","overlay-gradient":""}},"footnotes":""},"class_list":["post-7852","page","type-page","status-publish","has-post-thumbnail","hentry"],"acf":[],"yoast_head":"<!-- This site is optimized with the Yoast SEO plugin v27.4 - https:\/\/yoast.com\/product\/yoast-seo-wordpress\/ -->\n<title>Descargar e-book sobre burnout<\/title>\n<meta name=\"description\" content=\"\u201cBurnout\u201d (en espa\u00f1ol s\u00edndrome de desgaste profesional) es un estado de agotamiento emocional, f\u00edsico y mental.\" \/>\n<meta name=\"robots\" content=\"noindex, follow, max-snippet:-1, max-image-preview:large, max-video-preview:-1\" \/>\n<meta property=\"og:locale\" content=\"en_US\" \/>\n<meta property=\"og:type\" content=\"article\" \/>\n<meta property=\"og:title\" content=\"Descargar Ebook sobre burnout\" \/>\n<meta property=\"og:description\" content=\"\u00bfCrees que padeces de agotamiento laboral? Descarga este ebook.\" \/>\n<meta property=\"og:url\" content=\"https:\/\/viahr.org\/descargar-e-book-sobre-burnout\/\" \/>\n<meta property=\"og:site_name\" content=\"VIAHR\" \/>\n<meta property=\"article:publisher\" content=\"https:\/\/www.facebook.com\/viahr.org\" \/>\n<meta property=\"article:modified_time\" content=\"2024-06-17T06:13:56+00:00\" \/>\n<meta property=\"og:image\" content=\"https:\/\/viahr.org\/wp-content\/uploads\/2024\/06\/Ebook-descargar.webp\" \/>\n\t<meta property=\"og:image:width\" content=\"646\" \/>\n\t<meta property=\"og:image:height\" content=\"646\" \/>\n\t<meta property=\"og:image:type\" content=\"image\/webp\" \/>\n<meta name=\"twitter:card\" content=\"summary_large_image\" \/>\n<meta name=\"twitter:title\" content=\"Descargar Ebook sobre burnout\" \/>\n<meta name=\"twitter:description\" content=\"\u00bfCrees que padeces de agotamiento laboral? Descarga este ebook.\" \/>\n<meta name=\"twitter:image\" content=\"https:\/\/viahr.org\/staging\/8024\/wp-content\/uploads\/2024\/06\/Ebook-descargar.webp\" \/>\n<meta name=\"twitter:label1\" content=\"Est. reading time\" \/>\n\t<meta name=\"twitter:data1\" content=\"1 minute\" \/>\n<script type=\"application\/ld+json\" class=\"yoast-schema-graph\">{\"@context\":\"https:\\\/\\\/schema.org\",\"@graph\":[{\"@type\":\"WebPage\",\"@id\":\"https:\\\/\\\/viahr.org\\\/descargar-e-book-sobre-burnout\\\/\",\"url\":\"https:\\\/\\\/viahr.org\\\/descargar-e-book-sobre-burnout\\\/\",\"name\":\"Descargar e-book sobre burnout\",\"isPartOf\":{\"@id\":\"https:\\\/\\\/viahr.org\\\/staging\\\/8024\\\/#website\"},\"primaryImageOfPage\":{\"@id\":\"https:\\\/\\\/viahr.org\\\/descargar-e-book-sobre-burnout\\\/#primaryimage\"},\"image\":{\"@id\":\"https:\\\/\\\/viahr.org\\\/descargar-e-book-sobre-burnout\\\/#primaryimage\"},\"thumbnailUrl\":\"https:\\\/\\\/viahr.org\\\/staging\\\/8024\\\/wp-content\\\/uploads\\\/2024\\\/06\\\/Ebook-descargar.webp\",\"datePublished\":\"2022-05-12T05:17:52+00:00\",\"dateModified\":\"2024-06-17T06:13:56+00:00\",\"description\":\"\u201cBurnout\u201d (en espa\u00f1ol s\u00edndrome de desgaste profesional) es un estado de agotamiento emocional, f\u00edsico y mental.\",\"breadcrumb\":{\"@id\":\"https:\\\/\\\/viahr.org\\\/descargar-e-book-sobre-burnout\\\/#breadcrumb\"},\"inLanguage\":\"en-US\",\"potentialAction\":[{\"@type\":\"ReadAction\",\"target\":[\"https:\\\/\\\/viahr.org\\\/descargar-e-book-sobre-burnout\\\/\"]}]},{\"@type\":\"ImageObject\",\"inLanguage\":\"en-US\",\"@id\":\"https:\\\/\\\/viahr.org\\\/descargar-e-book-sobre-burnout\\\/#primaryimage\",\"url\":\"https:\\\/\\\/viahr.org\\\/staging\\\/8024\\\/wp-content\\\/uploads\\\/2024\\\/06\\\/Ebook-descargar.webp\",\"contentUrl\":\"https:\\\/\\\/viahr.org\\\/staging\\\/8024\\\/wp-content\\\/uploads\\\/2024\\\/06\\\/Ebook-descargar.webp\",\"width\":646,\"height\":646,\"caption\":\"Ebook-descargar\"},{\"@type\":\"BreadcrumbList\",\"@id\":\"https:\\\/\\\/viahr.org\\\/descargar-e-book-sobre-burnout\\\/#breadcrumb\",\"itemListElement\":[{\"@type\":\"ListItem\",\"position\":1,\"name\":\"Portada\",\"item\":\"https:\\\/\\\/viahr.org\\\/\"},{\"@type\":\"ListItem\",\"position\":2,\"name\":\"Descarga la guia de burnout\"}]},{\"@type\":\"WebSite\",\"@id\":\"https:\\\/\\\/viahr.org\\\/staging\\\/8024\\\/#website\",\"url\":\"https:\\\/\\\/viahr.org\\\/staging\\\/8024\\\/\",\"name\":\"VIAHR\",\"description\":\"Vacation is a human right\",\"publisher\":{\"@id\":\"https:\\\/\\\/viahr.org\\\/staging\\\/8024\\\/#organization\"},\"potentialAction\":[{\"@type\":\"SearchAction\",\"target\":{\"@type\":\"EntryPoint\",\"urlTemplate\":\"https:\\\/\\\/viahr.org\\\/staging\\\/8024\\\/?s={search_term_string}\"},\"query-input\":{\"@type\":\"PropertyValueSpecification\",\"valueRequired\":true,\"valueName\":\"search_term_string\"}}],\"inLanguage\":\"en-US\"},{\"@type\":\"Organization\",\"@id\":\"https:\\\/\\\/viahr.org\\\/staging\\\/8024\\\/#organization\",\"name\":\"VIAHR\",\"alternateName\":\"VIAHR FOUNDATION\",\"url\":\"https:\\\/\\\/viahr.org\\\/staging\\\/8024\\\/\",\"logo\":{\"@type\":\"ImageObject\",\"inLanguage\":\"en-US\",\"@id\":\"https:\\\/\\\/viahr.org\\\/staging\\\/8024\\\/#\\\/schema\\\/logo\\\/image\\\/\",\"url\":\"https:\\\/\\\/viahr.org\\\/staging\\\/8024\\\/wp-content\\\/uploads\\\/2022\\\/06\\\/logotipo-Viahr-Foundation.png\",\"contentUrl\":\"https:\\\/\\\/viahr.org\\\/staging\\\/8024\\\/wp-content\\\/uploads\\\/2022\\\/06\\\/logotipo-Viahr-Foundation.png\",\"width\":320,\"height\":320,\"caption\":\"VIAHR\"},\"image\":{\"@id\":\"https:\\\/\\\/viahr.org\\\/staging\\\/8024\\\/#\\\/schema\\\/logo\\\/image\\\/\"},\"sameAs\":[\"https:\\\/\\\/www.facebook.com\\\/viahr.org\"]}]}<\/script>\n<!-- \/ Yoast SEO plugin. -->","yoast_head_json":{"title":"Descargar e-book sobre burnout","description":"\u201cBurnout\u201d (en espa\u00f1ol s\u00edndrome de desgaste profesional) es un estado de agotamiento emocional, f\u00edsico y mental.","robots":{"index":"noindex","follow":"follow","max-snippet":"max-snippet:-1","max-image-preview":"max-image-preview:large","max-video-preview":"max-video-preview:-1"},"og_locale":"en_US","og_type":"article","og_title":"Descargar Ebook sobre burnout","og_description":"\u00bfCrees que padeces de agotamiento laboral? Descarga este ebook.","og_url":"https:\/\/viahr.org\/descargar-e-book-sobre-burnout\/","og_site_name":"VIAHR","article_publisher":"https:\/\/www.facebook.com\/viahr.org","article_modified_time":"2024-06-17T06:13:56+00:00","og_image":[{"width":646,"height":646,"url":"https:\/\/viahr.org\/wp-content\/uploads\/2024\/06\/Ebook-descargar.webp","type":"image\/webp"}],"twitter_card":"summary_large_image","twitter_title":"Descargar Ebook sobre burnout","twitter_description":"\u00bfCrees que padeces de agotamiento laboral? Descarga este ebook.","twitter_image":"https:\/\/viahr.org\/staging\/8024\/wp-content\/uploads\/2024\/06\/Ebook-descargar.webp","twitter_misc":{"Est. reading time":"1 minute"},"schema":{"@context":"https:\/\/schema.org","@graph":[{"@type":"WebPage","@id":"https:\/\/viahr.org\/descargar-e-book-sobre-burnout\/","url":"https:\/\/viahr.org\/descargar-e-book-sobre-burnout\/","name":"Descargar e-book sobre burnout","isPartOf":{"@id":"https:\/\/viahr.org\/staging\/8024\/#website"},"primaryImageOfPage":{"@id":"https:\/\/viahr.org\/descargar-e-book-sobre-burnout\/#primaryimage"},"image":{"@id":"https:\/\/viahr.org\/descargar-e-book-sobre-burnout\/#primaryimage"},"thumbnailUrl":"https:\/\/viahr.org\/staging\/8024\/wp-content\/uploads\/2024\/06\/Ebook-descargar.webp","datePublished":"2022-05-12T05:17:52+00:00","dateModified":"2024-06-17T06:13:56+00:00","description":"\u201cBurnout\u201d (en espa\u00f1ol s\u00edndrome de desgaste profesional) es un estado de agotamiento emocional, f\u00edsico y mental.","breadcrumb":{"@id":"https:\/\/viahr.org\/descargar-e-book-sobre-burnout\/#breadcrumb"},"inLanguage":"en-US","potentialAction":[{"@type":"ReadAction","target":["https:\/\/viahr.org\/descargar-e-book-sobre-burnout\/"]}]},{"@type":"ImageObject","inLanguage":"en-US","@id":"https:\/\/viahr.org\/descargar-e-book-sobre-burnout\/#primaryimage","url":"https:\/\/viahr.org\/staging\/8024\/wp-content\/uploads\/2024\/06\/Ebook-descargar.webp","contentUrl":"https:\/\/viahr.org\/staging\/8024\/wp-content\/uploads\/2024\/06\/Ebook-descargar.webp","width":646,"height":646,"caption":"Ebook-descargar"},{"@type":"BreadcrumbList","@id":"https:\/\/viahr.org\/descargar-e-book-sobre-burnout\/#breadcrumb","itemListElement":[{"@type":"ListItem","position":1,"name":"Portada","item":"https:\/\/viahr.org\/"},{"@type":"ListItem","position":2,"name":"Descarga la guia de burnout"}]},{"@type":"WebSite","@id":"https:\/\/viahr.org\/staging\/8024\/#website","url":"https:\/\/viahr.org\/staging\/8024\/","name":"VIAHR","description":"Vacation is a human right","publisher":{"@id":"https:\/\/viahr.org\/staging\/8024\/#organization"},"potentialAction":[{"@type":"SearchAction","target":{"@type":"EntryPoint","urlTemplate":"https:\/\/viahr.org\/staging\/8024\/?s={search_term_string}"},"query-input":{"@type":"PropertyValueSpecification","valueRequired":true,"valueName":"search_term_string"}}],"inLanguage":"en-US"},{"@type":"Organization","@id":"https:\/\/viahr.org\/staging\/8024\/#organization","name":"VIAHR","alternateName":"VIAHR FOUNDATION","url":"https:\/\/viahr.org\/staging\/8024\/","logo":{"@type":"ImageObject","inLanguage":"en-US","@id":"https:\/\/viahr.org\/staging\/8024\/#\/schema\/logo\/image\/","url":"https:\/\/viahr.org\/staging\/8024\/wp-content\/uploads\/2022\/06\/logotipo-Viahr-Foundation.png","contentUrl":"https:\/\/viahr.org\/staging\/8024\/wp-content\/uploads\/2022\/06\/logotipo-Viahr-Foundation.png","width":320,"height":320,"caption":"VIAHR"},"image":{"@id":"https:\/\/viahr.org\/staging\/8024\/#\/schema\/logo\/image\/"},"sameAs":["https:\/\/www.facebook.com\/viahr.org"]}]}},"_links":{"self":[{"href":"https:\/\/viahr.org\/staging\/8024\/wp-json\/wp\/v2\/pages\/7852","targetHints":{"allow":["GET"]}}],"collection":[{"href":"https:\/\/viahr.org\/staging\/8024\/wp-json\/wp\/v2\/pages"}],"about":[{"href":"https:\/\/viahr.org\/staging\/8024\/wp-json\/wp\/v2\/types\/page"}],"author":[{"embeddable":true,"href":"https:\/\/viahr.org\/staging\/8024\/wp-json\/wp\/v2\/users\/5"}],"replies":[{"embeddable":true,"href":"https:\/\/viahr.org\/staging\/8024\/wp-json\/wp\/v2\/comments?post=7852"}],"version-history":[{"count":5,"href":"https:\/\/viahr.org\/staging\/8024\/wp-json\/wp\/v2\/pages\/7852\/revisions"}],"predecessor-version":[{"id":20071,"href":"https:\/\/viahr.org\/staging\/8024\/wp-json\/wp\/v2\/pages\/7852\/revisions\/20071"}],"wp:featuredmedia":[{"embeddable":true,"href":"https:\/\/viahr.org\/staging\/8024\/wp-json\/wp\/v2\/media\/20158"}],"wp:attachment":[{"href":"https:\/\/viahr.org\/staging\/8024\/wp-json\/wp\/v2\/media?parent=7852"}],"curies":[{"name":"wp","href":"https:\/\/api.w.org\/{rel}","templated":true}]}}