{"id":7892,"date":"2022-05-12T04:54:21","date_gmt":"2022-05-12T08:54:21","guid":{"rendered":"https:\/\/viahr.org\/staging\/8024\/?page_id=7892"},"modified":"2026-04-02T11:05:26","modified_gmt":"2026-04-02T15:05:26","slug":"historia-viahr","status":"publish","type":"page","link":"https:\/\/viahr.org\/staging\/8024\/historia-viahr\/","title":{"rendered":"Historia Viahr"},"content":{"rendered":"\t\t<div data-elementor-type=\"wp-post\" data-elementor-id=\"7892\" class=\"elementor elementor-7892\" data-elementor-post-type=\"page\">\n\t\t\t\t<div class=\"elementor-element elementor-element-d8c12a0 e-flex e-con-boxed e-con e-parent\" data-id=\"d8c12a0\" data-element_type=\"container\" data-e-type=\"container\" data-settings=\"{&quot;background_background&quot;:&quot;classic&quot;}\">\n\t\t\t\t\t<div class=\"e-con-inner\">\n\t\t<div class=\"elementor-element elementor-element-c68e6a6 e-con-full e-flex e-con e-child\" data-id=\"c68e6a6\" data-element_type=\"container\" data-e-type=\"container\">\n\t\t\t\t<div class=\"elementor-element elementor-element-cc05ee4 elementor-widget__width-auto elementor-widget elementor-widget-heading\" data-id=\"cc05ee4\" data-element_type=\"widget\" data-e-type=\"widget\" data-widget_type=\"heading.default\">\n\t\t\t\t<div class=\"elementor-widget-container\">\n\t\t\t\t\t<h2 class=\"elementor-heading-title elementor-size-default\">Vacation is a Human Right<\/h2>\t\t\t\t<\/div>\n\t\t\t\t<\/div>\n\t\t\t\t<div class=\"elementor-element elementor-element-b936d76 elementor-widget elementor-widget-heading\" data-id=\"b936d76\" data-element_type=\"widget\" data-e-type=\"widget\" data-widget_type=\"heading.default\">\n\t\t\t\t<div class=\"elementor-widget-container\">\n\t\t\t\t\t<h1 class=\"elementor-heading-title elementor-size-default\">Historia<\/h1>\t\t\t\t<\/div>\n\t\t\t\t<\/div>\n\t\t\t\t<\/div>\n\t\t<div class=\"elementor-element elementor-element-cf6add4 e-con-full e-flex e-con e-child\" data-id=\"cf6add4\" data-element_type=\"container\" data-e-type=\"container\" data-settings=\"{&quot;background_background&quot;:&quot;classic&quot;}\">\n\t\t\t\t<\/div>\n\t\t\t\t\t<\/div>\n\t\t\t\t<\/div>\n\t\t<div class=\"elementor-element elementor-element-0b6e9a9 e-flex e-con-boxed e-con e-parent\" data-id=\"0b6e9a9\" data-element_type=\"container\" data-e-type=\"container\" data-settings=\"{&quot;background_background&quot;:&quot;classic&quot;}\">\n\t\t\t\t\t<div class=\"e-con-inner\">\n\t\t\t\t<div class=\"elementor-element elementor-element-98e2cb3 elementor-widget elementor-widget-heading\" data-id=\"98e2cb3\" data-element_type=\"widget\" data-e-type=\"widget\" data-widget_type=\"heading.default\">\n\t\t\t\t<div class=\"elementor-widget-container\">\n\t\t\t\t\t<h2 class=\"elementor-heading-title elementor-size-default\">\u00bfC\u00f3mo y cu\u00e1ndo naci\u00f3 VIAHR?<\/h2>\t\t\t\t<\/div>\n\t\t\t\t<\/div>\n\t\t\t\t<div class=\"elementor-element elementor-element-98da406 elementor-widget-divider--view-line elementor-widget elementor-widget-divider\" data-id=\"98da406\" data-element_type=\"widget\" data-e-type=\"widget\" data-widget_type=\"divider.default\">\n\t\t\t\t<div class=\"elementor-widget-container\">\n\t\t\t\t\t\t\t<div class=\"elementor-divider\">\n\t\t\t<span class=\"elementor-divider-separator\">\n\t\t\t\t\t\t<\/span>\n\t\t<\/div>\n\t\t\t\t\t\t<\/div>\n\t\t\t\t<\/div>\n\t\t<div class=\"elementor-element elementor-element-e5c63c1 e-con-full e-flex e-con e-child\" data-id=\"e5c63c1\" data-element_type=\"container\" data-e-type=\"container\">\n\t\t\t\t<div class=\"elementor-element elementor-element-d3bc3c7 elementor-widget elementor-widget-image\" data-id=\"d3bc3c7\" data-element_type=\"widget\" data-e-type=\"widget\" data-widget_type=\"image.default\">\n\t\t\t\t<div class=\"elementor-widget-container\">\n\t\t\t\t\t\t\t\t\t\t\t\t\t\t\t<img loading=\"lazy\" decoding=\"async\" loading=\"lazy\" width=\"1024\" height=\"682\" src=\"https:\/\/viahr.org\/staging\/8024\/wp-content\/uploads\/2020\/05\/IMG_0042-1024x682.jpg\" class=\"attachment-large size-large wp-image-512\" alt=\"Grupo de amigos VIAHR\" srcset=\"https:\/\/viahr.org\/staging\/8024\/wp-content\/uploads\/2020\/05\/IMG_0042-1024x682.jpg 1024w, https:\/\/viahr.org\/staging\/8024\/wp-content\/uploads\/2020\/05\/IMG_0042-300x200.jpg 300w, https:\/\/viahr.org\/staging\/8024\/wp-content\/uploads\/2020\/05\/IMG_0042-768x512.jpg 768w, https:\/\/viahr.org\/staging\/8024\/wp-content\/uploads\/2020\/05\/IMG_0042-1536x1024.jpg 1536w, https:\/\/viahr.org\/staging\/8024\/wp-content\/uploads\/2020\/05\/IMG_0042-750x500.jpg 750w, https:\/\/viahr.org\/staging\/8024\/wp-content\/uploads\/2020\/05\/IMG_0042.jpg 1613w\" sizes=\"auto, (max-width: 1024px) 100vw, 1024px\" \/>\t\t\t\t\t\t\t\t\t\t\t\t\t\t\t<\/div>\n\t\t\t\t<\/div>\n\t\t\t\t<\/div>\n\t\t<div class=\"elementor-element elementor-element-63394d1 e-con-full e-flex e-con e-child\" data-id=\"63394d1\" data-element_type=\"container\" data-e-type=\"container\">\n\t\t\t\t<div class=\"elementor-element elementor-element-0d9df80 elementor-widget__width-initial elementor-widget elementor-widget-text-editor\" data-id=\"0d9df80\" data-element_type=\"widget\" data-e-type=\"widget\" data-widget_type=\"text-editor.default\">\n\t\t\t\t<div class=\"elementor-widget-container\">\n\t\t\t\t\t\t\t\t\t<p>A trav\u00e9s de mi hija Liss, Dios me hizo ver que todos tenemos y merecemos una segunda oportunidad y que los milagros existen.<\/p><p>Siempre viv\u00ed con la culpa de no haber compartido con mis hijas su viaje de 2.\u00ba grado del colegio. Pero DIOS es grande y misericordioso, mi hija me invit\u00f3 a hacer un viaje y vivir una experiencia que jam\u00e1s pens\u00e9 que podr\u00eda ser posible: recoger manzanas y calabazas en un sembrado a las afueras de New York. Despu\u00e9s de 26 a\u00f1os pude cumplir ese sue\u00f1o.<\/p><p>De ah\u00ed nace Vacation is a Human Right, de la necesidad que tuve por tanto tiempo de tomar una pausa. Un tiempo para m\u00ed, un tiempo para compartir con mi familia, con amigos, con la naturaleza que tanto me gusta, en fin, con todo.<\/p>\t\t\t\t\t\t\t\t<\/div>\n\t\t\t\t<\/div>\n\t\t\t\t<div class=\"elementor-element elementor-element-bf3902b elementor-widget elementor-widget-heading\" data-id=\"bf3902b\" data-element_type=\"widget\" data-e-type=\"widget\" data-widget_type=\"heading.default\">\n\t\t\t\t<div class=\"elementor-widget-container\">\n\t\t\t\t\t<h2 class=\"elementor-heading-title elementor-size-default\">\u00bfDe d\u00f3nde nace el nombre VIAHR? <\/h2>\t\t\t\t<\/div>\n\t\t\t\t<\/div>\n\t\t\t\t<div class=\"elementor-element elementor-element-260f7b2 elementor-widget__width-initial elementor-widget elementor-widget-text-editor\" data-id=\"260f7b2\" data-element_type=\"widget\" data-e-type=\"widget\" data-widget_type=\"text-editor.default\">\n\t\t\t\t<div class=\"elementor-widget-container\">\n\t\t\t\t\t\t\t\t\t<p>Cuando me di cuenta de que hab\u00eda pasado tanto sin tomar vacaciones, ped\u00ed tiempo en mi trabajo para salir de viaje con mi familia; los obst\u00e1culos y humillaciones por las que pas\u00e9 me hicieron arrepentir profundamente de haberme sacrificado tanto. De ah\u00ed naci\u00f3 el nombre de VACATION IS A HUMAN RIGHT.<\/p>\t\t\t\t\t\t\t\t<\/div>\n\t\t\t\t<\/div>\n\t\t\t\t<\/div>\n\t\t\t\t\t<\/div>\n\t\t\t\t<\/div>\n\t\t\t\t<\/div>\n\t\t","protected":false},"excerpt":{"rendered":"<p>Vacation is a Human Right Historia \u00bfC\u00f3mo y cu\u00e1ndo naci\u00f3 VIAHR? A trav\u00e9s de mi hija Liss, Dios me hizo ver que todos tenemos y merecemos una segunda oportunidad y que los milagros existen. Siempre viv\u00ed con la culpa de no haber compartido con mis hijas su viaje de 2.\u00ba grado del colegio. Pero DIOS [&hellip;]<\/p>\n","protected":false},"author":5,"featured_media":3757,"parent":0,"menu_order":0,"comment_status":"closed","ping_status":"closed","template":"","meta":{"_acf_changed":false,"nf_dc_page":"","om_disable_all_campaigns":false,"_monsterinsights_skip_tracking":false,"_monsterinsights_sitenote_active":false,"_monsterinsights_sitenote_note":"","_monsterinsights_sitenote_category":0,"site-sidebar-layout":"no-sidebar","site-content-layout":"page-builder","ast-site-content-layout":"full-width-container","site-content-style":"unboxed","site-sidebar-style":"unboxed","ast-global-header-display":"","ast-banner-title-visibility":"","ast-main-header-display":"","ast-hfb-above-header-display":"","ast-hfb-below-header-display":"","ast-hfb-mobile-header-display":"","site-post-title":"","ast-breadcrumbs-content":"","ast-featured-img":"disabled","footer-sml-layout":"","ast-disable-related-posts":"","theme-transparent-header-meta":"disabled","adv-header-id-meta":"","stick-header-meta":"","header-above-stick-meta":"","header-main-stick-meta":"","header-below-stick-meta":"","astra-migrate-meta-layouts":"set","ast-page-background-enabled":"default","ast-page-background-meta":{"desktop":{"background-color":"","background-image":"","background-repeat":"repeat","background-position":"center center","background-size":"auto","background-attachment":"scroll","background-type":"","background-media":"","overlay-type":"","overlay-color":"","overlay-opacity":"","overlay-gradient":""},"tablet":{"background-color":"","background-image":"","background-repeat":"repeat","background-position":"center center","background-size":"auto","background-attachment":"scroll","background-type":"","background-media":"","overlay-type":"","overlay-color":"","overlay-opacity":"","overlay-gradient":""},"mobile":{"background-color":"","background-image":"","background-repeat":"repeat","background-position":"center center","background-size":"auto","background-attachment":"scroll","background-type":"","background-media":"","overlay-type":"","overlay-color":"","overlay-opacity":"","overlay-gradient":""}},"ast-content-background-meta":{"desktop":{"background-color":"var(--ast-global-color-5)","background-image":"","background-repeat":"repeat","background-position":"center center","background-size":"auto","background-attachment":"scroll","background-type":"","background-media":"","overlay-type":"","overlay-color":"","overlay-opacity":"","overlay-gradient":""},"tablet":{"background-color":"var(--ast-global-color-5)","background-image":"","background-repeat":"repeat","background-position":"center center","background-size":"auto","background-attachment":"scroll","background-type":"","background-media":"","overlay-type":"","overlay-color":"","overlay-opacity":"","overlay-gradient":""},"mobile":{"background-color":"var(--ast-global-color-5)","background-image":"","background-repeat":"repeat","background-position":"center center","background-size":"auto","background-attachment":"scroll","background-type":"","background-media":"","overlay-type":"","overlay-color":"","overlay-opacity":"","overlay-gradient":""}},"footnotes":""},"class_list":["post-7892","page","type-page","status-publish","has-post-thumbnail","hentry"],"acf":[],"yoast_head":"<!-- This site is optimized with the Yoast SEO plugin v27.4 - https:\/\/yoast.com\/product\/yoast-seo-wordpress\/ -->\n<title>Nosotros VIAHR (VACATION IS A HUMAN RIGHT)<\/title>\n<meta name=\"description\" content=\"VIAHR (VACATION IS A HUMAN RIGHT) Somos una fundaci\u00f3n privada y sin \u00e1nimos de lucro comprometida con el bienestar del individuo\" \/>\n<meta name=\"robots\" content=\"noindex, follow, max-snippet:-1, max-image-preview:large, max-video-preview:-1\" \/>\n<meta property=\"og:locale\" content=\"en_US\" \/>\n<meta property=\"og:type\" content=\"article\" \/>\n<meta property=\"og:title\" content=\"Nosotros VIAHR (VACATION IS A HUMAN RIGHT)\" \/>\n<meta property=\"og:description\" content=\"VIAHR (VACATION IS A HUMAN RIGHT) Somos una fundaci\u00f3n privada y sin \u00e1nimos de lucro comprometida con el bienestar del individuo\" \/>\n<meta property=\"og:url\" content=\"https:\/\/viahr.org\/historia-viahr\/\" \/>\n<meta property=\"og:site_name\" content=\"VIAHR\" \/>\n<meta property=\"article:publisher\" content=\"https:\/\/www.facebook.com\/viahr.org\" \/>\n<meta property=\"article:modified_time\" content=\"2026-04-02T15:05:26+00:00\" \/>\n<meta property=\"og:image\" content=\"https:\/\/viahr.org\/wp-content\/uploads\/2021\/04\/donar-foto.png\" \/>\n\t<meta property=\"og:image:width\" content=\"2303\" \/>\n\t<meta property=\"og:image:height\" content=\"764\" \/>\n\t<meta property=\"og:image:type\" content=\"image\/png\" \/>\n<meta name=\"twitter:card\" content=\"summary_large_image\" \/>\n<meta name=\"twitter:label1\" content=\"Est. reading time\" \/>\n\t<meta name=\"twitter:data1\" content=\"2 minutes\" \/>\n<script type=\"application\/ld+json\" class=\"yoast-schema-graph\">{\"@context\":\"https:\\\/\\\/schema.org\",\"@graph\":[{\"@type\":\"WebPage\",\"@id\":\"https:\\\/\\\/viahr.org\\\/historia-viahr\\\/\",\"url\":\"https:\\\/\\\/viahr.org\\\/historia-viahr\\\/\",\"name\":\"Nosotros VIAHR (VACATION IS A HUMAN RIGHT)\",\"isPartOf\":{\"@id\":\"https:\\\/\\\/viahr.org\\\/staging\\\/8024\\\/#website\"},\"primaryImageOfPage\":{\"@id\":\"https:\\\/\\\/viahr.org\\\/historia-viahr\\\/#primaryimage\"},\"image\":{\"@id\":\"https:\\\/\\\/viahr.org\\\/historia-viahr\\\/#primaryimage\"},\"thumbnailUrl\":\"https:\\\/\\\/viahr.org\\\/staging\\\/8024\\\/wp-content\\\/uploads\\\/2021\\\/04\\\/donar-foto.png\",\"datePublished\":\"2022-05-12T08:54:21+00:00\",\"dateModified\":\"2026-04-02T15:05:26+00:00\",\"description\":\"VIAHR (VACATION IS A HUMAN RIGHT) Somos una fundaci\u00f3n privada y sin \u00e1nimos de lucro comprometida con el bienestar del individuo\",\"breadcrumb\":{\"@id\":\"https:\\\/\\\/viahr.org\\\/historia-viahr\\\/#breadcrumb\"},\"inLanguage\":\"en-US\",\"potentialAction\":[{\"@type\":\"ReadAction\",\"target\":[\"https:\\\/\\\/viahr.org\\\/historia-viahr\\\/\"]}]},{\"@type\":\"ImageObject\",\"inLanguage\":\"en-US\",\"@id\":\"https:\\\/\\\/viahr.org\\\/historia-viahr\\\/#primaryimage\",\"url\":\"https:\\\/\\\/viahr.org\\\/staging\\\/8024\\\/wp-content\\\/uploads\\\/2021\\\/04\\\/donar-foto.png\",\"contentUrl\":\"https:\\\/\\\/viahr.org\\\/staging\\\/8024\\\/wp-content\\\/uploads\\\/2021\\\/04\\\/donar-foto.png\",\"width\":2303,\"height\":764,\"caption\":\"Historia de Viahr\"},{\"@type\":\"BreadcrumbList\",\"@id\":\"https:\\\/\\\/viahr.org\\\/historia-viahr\\\/#breadcrumb\",\"itemListElement\":[{\"@type\":\"ListItem\",\"position\":1,\"name\":\"Portada\",\"item\":\"https:\\\/\\\/viahr.org\\\/\"},{\"@type\":\"ListItem\",\"position\":2,\"name\":\"Historia Viahr\"}]},{\"@type\":\"WebSite\",\"@id\":\"https:\\\/\\\/viahr.org\\\/staging\\\/8024\\\/#website\",\"url\":\"https:\\\/\\\/viahr.org\\\/staging\\\/8024\\\/\",\"name\":\"VIAHR\",\"description\":\"Vacation is a human right\",\"publisher\":{\"@id\":\"https:\\\/\\\/viahr.org\\\/staging\\\/8024\\\/#organization\"},\"potentialAction\":[{\"@type\":\"SearchAction\",\"target\":{\"@type\":\"EntryPoint\",\"urlTemplate\":\"https:\\\/\\\/viahr.org\\\/staging\\\/8024\\\/?s={search_term_string}\"},\"query-input\":{\"@type\":\"PropertyValueSpecification\",\"valueRequired\":true,\"valueName\":\"search_term_string\"}}],\"inLanguage\":\"en-US\"},{\"@type\":\"Organization\",\"@id\":\"https:\\\/\\\/viahr.org\\\/staging\\\/8024\\\/#organization\",\"name\":\"VIAHR\",\"alternateName\":\"VIAHR FOUNDATION\",\"url\":\"https:\\\/\\\/viahr.org\\\/staging\\\/8024\\\/\",\"logo\":{\"@type\":\"ImageObject\",\"inLanguage\":\"en-US\",\"@id\":\"https:\\\/\\\/viahr.org\\\/staging\\\/8024\\\/#\\\/schema\\\/logo\\\/image\\\/\",\"url\":\"https:\\\/\\\/viahr.org\\\/staging\\\/8024\\\/wp-content\\\/uploads\\\/2022\\\/06\\\/logotipo-Viahr-Foundation.png\",\"contentUrl\":\"https:\\\/\\\/viahr.org\\\/staging\\\/8024\\\/wp-content\\\/uploads\\\/2022\\\/06\\\/logotipo-Viahr-Foundation.png\",\"width\":320,\"height\":320,\"caption\":\"VIAHR\"},\"image\":{\"@id\":\"https:\\\/\\\/viahr.org\\\/staging\\\/8024\\\/#\\\/schema\\\/logo\\\/image\\\/\"},\"sameAs\":[\"https:\\\/\\\/www.facebook.com\\\/viahr.org\"]}]}<\/script>\n<!-- \/ Yoast SEO plugin. -->","yoast_head_json":{"title":"Nosotros VIAHR (VACATION IS A HUMAN RIGHT)","description":"VIAHR (VACATION IS A HUMAN RIGHT) Somos una fundaci\u00f3n privada y sin \u00e1nimos de lucro comprometida con el bienestar del individuo","robots":{"index":"noindex","follow":"follow","max-snippet":"max-snippet:-1","max-image-preview":"max-image-preview:large","max-video-preview":"max-video-preview:-1"},"og_locale":"en_US","og_type":"article","og_title":"Nosotros VIAHR (VACATION IS A HUMAN RIGHT)","og_description":"VIAHR (VACATION IS A HUMAN RIGHT) Somos una fundaci\u00f3n privada y sin \u00e1nimos de lucro comprometida con el bienestar del individuo","og_url":"https:\/\/viahr.org\/historia-viahr\/","og_site_name":"VIAHR","article_publisher":"https:\/\/www.facebook.com\/viahr.org","article_modified_time":"2026-04-02T15:05:26+00:00","og_image":[{"width":2303,"height":764,"url":"https:\/\/viahr.org\/wp-content\/uploads\/2021\/04\/donar-foto.png","type":"image\/png"}],"twitter_card":"summary_large_image","twitter_misc":{"Est. reading time":"2 minutes"},"schema":{"@context":"https:\/\/schema.org","@graph":[{"@type":"WebPage","@id":"https:\/\/viahr.org\/historia-viahr\/","url":"https:\/\/viahr.org\/historia-viahr\/","name":"Nosotros VIAHR (VACATION IS A HUMAN RIGHT)","isPartOf":{"@id":"https:\/\/viahr.org\/staging\/8024\/#website"},"primaryImageOfPage":{"@id":"https:\/\/viahr.org\/historia-viahr\/#primaryimage"},"image":{"@id":"https:\/\/viahr.org\/historia-viahr\/#primaryimage"},"thumbnailUrl":"https:\/\/viahr.org\/staging\/8024\/wp-content\/uploads\/2021\/04\/donar-foto.png","datePublished":"2022-05-12T08:54:21+00:00","dateModified":"2026-04-02T15:05:26+00:00","description":"VIAHR (VACATION IS A HUMAN RIGHT) Somos una fundaci\u00f3n privada y sin \u00e1nimos de lucro comprometida con el bienestar del individuo","breadcrumb":{"@id":"https:\/\/viahr.org\/historia-viahr\/#breadcrumb"},"inLanguage":"en-US","potentialAction":[{"@type":"ReadAction","target":["https:\/\/viahr.org\/historia-viahr\/"]}]},{"@type":"ImageObject","inLanguage":"en-US","@id":"https:\/\/viahr.org\/historia-viahr\/#primaryimage","url":"https:\/\/viahr.org\/staging\/8024\/wp-content\/uploads\/2021\/04\/donar-foto.png","contentUrl":"https:\/\/viahr.org\/staging\/8024\/wp-content\/uploads\/2021\/04\/donar-foto.png","width":2303,"height":764,"caption":"Historia de Viahr"},{"@type":"BreadcrumbList","@id":"https:\/\/viahr.org\/historia-viahr\/#breadcrumb","itemListElement":[{"@type":"ListItem","position":1,"name":"Portada","item":"https:\/\/viahr.org\/"},{"@type":"ListItem","position":2,"name":"Historia Viahr"}]},{"@type":"WebSite","@id":"https:\/\/viahr.org\/staging\/8024\/#website","url":"https:\/\/viahr.org\/staging\/8024\/","name":"VIAHR","description":"Vacation is a human right","publisher":{"@id":"https:\/\/viahr.org\/staging\/8024\/#organization"},"potentialAction":[{"@type":"SearchAction","target":{"@type":"EntryPoint","urlTemplate":"https:\/\/viahr.org\/staging\/8024\/?s={search_term_string}"},"query-input":{"@type":"PropertyValueSpecification","valueRequired":true,"valueName":"search_term_string"}}],"inLanguage":"en-US"},{"@type":"Organization","@id":"https:\/\/viahr.org\/staging\/8024\/#organization","name":"VIAHR","alternateName":"VIAHR FOUNDATION","url":"https:\/\/viahr.org\/staging\/8024\/","logo":{"@type":"ImageObject","inLanguage":"en-US","@id":"https:\/\/viahr.org\/staging\/8024\/#\/schema\/logo\/image\/","url":"https:\/\/viahr.org\/staging\/8024\/wp-content\/uploads\/2022\/06\/logotipo-Viahr-Foundation.png","contentUrl":"https:\/\/viahr.org\/staging\/8024\/wp-content\/uploads\/2022\/06\/logotipo-Viahr-Foundation.png","width":320,"height":320,"caption":"VIAHR"},"image":{"@id":"https:\/\/viahr.org\/staging\/8024\/#\/schema\/logo\/image\/"},"sameAs":["https:\/\/www.facebook.com\/viahr.org"]}]}},"_links":{"self":[{"href":"https:\/\/viahr.org\/staging\/8024\/wp-json\/wp\/v2\/pages\/7892","targetHints":{"allow":["GET"]}}],"collection":[{"href":"https:\/\/viahr.org\/staging\/8024\/wp-json\/wp\/v2\/pages"}],"about":[{"href":"https:\/\/viahr.org\/staging\/8024\/wp-json\/wp\/v2\/types\/page"}],"author":[{"embeddable":true,"href":"https:\/\/viahr.org\/staging\/8024\/wp-json\/wp\/v2\/users\/5"}],"replies":[{"embeddable":true,"href":"https:\/\/viahr.org\/staging\/8024\/wp-json\/wp\/v2\/comments?post=7892"}],"version-history":[{"count":15,"href":"https:\/\/viahr.org\/staging\/8024\/wp-json\/wp\/v2\/pages\/7892\/revisions"}],"predecessor-version":[{"id":24713,"href":"https:\/\/viahr.org\/staging\/8024\/wp-json\/wp\/v2\/pages\/7892\/revisions\/24713"}],"wp:featuredmedia":[{"embeddable":true,"href":"https:\/\/viahr.org\/staging\/8024\/wp-json\/wp\/v2\/media\/3757"}],"wp:attachment":[{"href":"https:\/\/viahr.org\/staging\/8024\/wp-json\/wp\/v2\/media?parent=7892"}],"curies":[{"name":"wp","href":"https:\/\/api.w.org\/{rel}","templated":true}]}}